{"id":16644,"date":"2024-08-21T19:25:25","date_gmt":"2024-08-21T17:25:25","guid":{"rendered":"https:\/\/brumcosmetique.com\/?post_type=product&#038;p=16644"},"modified":"2025-11-07T12:30:19","modified_gmt":"2025-11-07T11:30:19","slug":"creme-sebium-pore-refiner-bioderma-30ml","status":"publish","type":"product","link":"https:\/\/brumcosmetique.com\/?product=creme-sebium-pore-refiner-bioderma-30ml","title":{"rendered":"Cr\u00e8me S\u00e9bium Pore Refiner Bioderma 30ml"},"content":{"rendered":"<ul class=\"a-unordered-list a-vertical a-spacing-mini\">\n<li class=\"a-spacing-mini\"><span class=\"a-list-item\">SOIN CORRECTEUR : Stress, tabac, pollution\u2026 autant de responsables de la dilatation et de la d\u00e9formation des pores. S\u00e9bium Pore Refiner resserre les pores, lisse et affine le grain de peau. Il matifie durablement le teint, pr\u00e9vient les imperfections et pr\u00e9serve l&rsquo;\u00e9clat naturel de la peau.<\/span><\/li>\n<li class=\"a-spacing-mini\"><span class=\"a-list-item\">MODE D&rsquo;ACTION : Le complexe brevet\u00e9 Fluidactiv normalise la qualit\u00e9 du s\u00e9bum ce qui \u00e9vite l\u2019obstruction des pores et limite la formation des imperfections. L&rsquo;acide agarique resserre les pores et affine le grain de peau. Les agents anti-oxydants pr\u00e9servent l\u2019\u00e9clat naturel de la peau.<\/span><\/li>\n<li class=\"a-spacing-mini\"><span class=\"a-list-item\">CONSEILS D&rsquo;UTILISATION : Appliquer 1 \u00e0 2 fois par jour, seule ou avant votre cr\u00e8me de soin, soit sur l\u2019ensemble du visage pour les peaux \u00e0 tendance grasse, soit localement sur la zone T pour les peaux mixtes (Front, Nez, Menton). Cette cr\u00e8me constitue une excellente base de maquillage.<\/span><\/li>\n<li class=\"a-spacing-mini\"><span class=\"a-list-item\">Pour les peaux \u00e0 tendance acn\u00e9ique sensibles et fragilis\u00e9es, la technologie SeboRestore (Brevet Fluidactiv(TM) &#8211; Bakuchiol) r\u00e9\u00e9quilibre la composition du s\u00e9bum pour qu\u2019il retrouve durablement ses fonctions hydratantes naturelles et emp\u00eache la formation de nouvelles imperfections.<\/span><\/li>\n<li class=\"a-spacing-mini\"><span class=\"a-list-item\">Bas\u00e9s sur le respect absolu de la peau, les produits BIODERMA imitent ses m\u00e9canismes biologiques naturels, dans leurs composants et dans leur mode d\u2019action. Pour leur formulation, BIODERMA s\u00e9lectionne les actifs les plus purs, des mol\u00e9cules d\u00e9j\u00e0 pr\u00e9sentes naturellement dans la peau pour une meilleure tol\u00e9rance.<\/span><\/li>\n<\/ul>\n","protected":false},"excerpt":{"rendered":"<ul>\n<li><span class=\"a-list-item\">Pour les peaux \u00e0 tendance acn\u00e9ique sensibles et fragilis\u00e9es, la technologie SeboRestore (Brevet Fluidactiv(TM) &#8211; Bakuchiol) r\u00e9\u00e9quilibre la composition du s\u00e9bum pour qu\u2019il retrouve durablement ses fonctions hydratantes naturelles et emp\u00eache la formation de nouvelles imperfections.<\/span><\/li>\n<\/ul>\n","protected":false},"featured_media":16613,"comment_status":"open","ping_status":"closed","template":"","meta":[],"product_cat":[143,32],"product_tag":[],"class_list":{"0":"post-16644","1":"product","2":"type-product","3":"status-publish","4":"has-post-thumbnail","6":"product_cat-cremes-de-visage","7":"product_cat-visage","9":"first","10":"instock","11":"taxable","12":"shipping-taxable","13":"purchasable","14":"product-type-simple"},"_links":{"self":[{"href":"https:\/\/brumcosmetique.com\/index.php?rest_route=\/wp\/v2\/product\/16644","targetHints":{"allow":["GET"]}}],"collection":[{"href":"https:\/\/brumcosmetique.com\/index.php?rest_route=\/wp\/v2\/product"}],"about":[{"href":"https:\/\/brumcosmetique.com\/index.php?rest_route=\/wp\/v2\/types\/product"}],"replies":[{"embeddable":true,"href":"https:\/\/brumcosmetique.com\/index.php?rest_route=%2Fwp%2Fv2%2Fcomments&post=16644"}],"version-history":[{"count":1,"href":"https:\/\/brumcosmetique.com\/index.php?rest_route=\/wp\/v2\/product\/16644\/revisions"}],"predecessor-version":[{"id":16645,"href":"https:\/\/brumcosmetique.com\/index.php?rest_route=\/wp\/v2\/product\/16644\/revisions\/16645"}],"wp:featuredmedia":[{"embeddable":true,"href":"https:\/\/brumcosmetique.com\/index.php?rest_route=\/wp\/v2\/media\/16613"}],"wp:attachment":[{"href":"https:\/\/brumcosmetique.com\/index.php?rest_route=%2Fwp%2Fv2%2Fmedia&parent=16644"}],"wp:term":[{"taxonomy":"product_cat","embeddable":true,"href":"https:\/\/brumcosmetique.com\/index.php?rest_route=%2Fwp%2Fv2%2Fproduct_cat&post=16644"},{"taxonomy":"product_tag","embeddable":true,"href":"https:\/\/brumcosmetique.com\/index.php?rest_route=%2Fwp%2Fv2%2Fproduct_tag&post=16644"}],"curies":[{"name":"wp","href":"https:\/\/api.w.org\/{rel}","templated":true}]}}