{"id":16971,"date":"2024-08-26T13:37:05","date_gmt":"2024-08-26T11:37:05","guid":{"rendered":"https:\/\/brumcosmetique.com\/?post_type=product&#038;p=16971"},"modified":"2026-03-11T01:36:36","modified_gmt":"2026-03-11T00:36:36","slug":"gel-moussant-keracnyl-ducray-400ml","status":"publish","type":"product","link":"https:\/\/brumcosmetique.com\/?product=gel-moussant-keracnyl-ducray-400ml","title":{"rendered":"Gel Moussant Keracnyl Ducray 400ml"},"content":{"rendered":"<p>\u2022 NETTOIE en douceur et purifie la peau gr\u00e2ce \u00e0 sa base lavante douce<br \/>\n\u2022 REDUIT les imperfections : l&rsquo;extrait naturel de MYRTACINE\u00ae, actif qui aide \u00e0 lutter contre la bact\u00e9rie C.acnes en limitant son organisation en biofilm<\/p>\n","protected":false},"excerpt":{"rendered":"<p>Le gel moussant KERACNYL\u00a0est un nettoyant visage &amp; corps quotidien adapt\u00e9 pour l\u2019hygi\u00e8ne des peaux grasses et\/ou \u00e0 tendance acn\u00e9ique des adolescents comme des adultes.<br \/>\nFormul\u00e9 sans savon, il nettoie le visage et le corps en pr\u00e9servant la barri\u00e8re cutan\u00e9e et purifie la peau.<br \/>\nD\u00e8s 7 jours\u00b9, il contribue \u00e0 diminuer les imperfections.<br \/>\nTest\u00e9 en association avec les traitements topiques et oraux.<br \/>\nTr\u00e8s bonne tol\u00e9rance cutan\u00e9e.<br \/>\nPeut-\u00eatre utilis\u00e9 chez les pr\u00e9-adolescents \u00e0 partir de 9 ans.<\/p>\n","protected":false},"featured_media":16972,"comment_status":"open","ping_status":"closed","template":"","meta":[],"product_cat":[20,122,32],"product_tag":[],"class_list":{"0":"post-16971","1":"product","2":"type-product","3":"status-publish","4":"has-post-thumbnail","6":"product_cat-corps","7":"product_cat-gels-douche","8":"product_cat-visage","10":"first","11":"instock","12":"sale","13":"taxable","14":"shipping-taxable","15":"purchasable","16":"product-type-simple"},"_links":{"self":[{"href":"https:\/\/brumcosmetique.com\/index.php?rest_route=\/wp\/v2\/product\/16971","targetHints":{"allow":["GET"]}}],"collection":[{"href":"https:\/\/brumcosmetique.com\/index.php?rest_route=\/wp\/v2\/product"}],"about":[{"href":"https:\/\/brumcosmetique.com\/index.php?rest_route=\/wp\/v2\/types\/product"}],"replies":[{"embeddable":true,"href":"https:\/\/brumcosmetique.com\/index.php?rest_route=%2Fwp%2Fv2%2Fcomments&post=16971"}],"version-history":[{"count":1,"href":"https:\/\/brumcosmetique.com\/index.php?rest_route=\/wp\/v2\/product\/16971\/revisions"}],"predecessor-version":[{"id":16974,"href":"https:\/\/brumcosmetique.com\/index.php?rest_route=\/wp\/v2\/product\/16971\/revisions\/16974"}],"wp:featuredmedia":[{"embeddable":true,"href":"https:\/\/brumcosmetique.com\/index.php?rest_route=\/wp\/v2\/media\/16972"}],"wp:attachment":[{"href":"https:\/\/brumcosmetique.com\/index.php?rest_route=%2Fwp%2Fv2%2Fmedia&parent=16971"}],"wp:term":[{"taxonomy":"product_cat","embeddable":true,"href":"https:\/\/brumcosmetique.com\/index.php?rest_route=%2Fwp%2Fv2%2Fproduct_cat&post=16971"},{"taxonomy":"product_tag","embeddable":true,"href":"https:\/\/brumcosmetique.com\/index.php?rest_route=%2Fwp%2Fv2%2Fproduct_tag&post=16971"}],"curies":[{"name":"wp","href":"https:\/\/api.w.org\/{rel}","templated":true}]}}