{"id":16977,"date":"2024-08-26T13:55:25","date_gmt":"2024-08-26T11:55:25","guid":{"rendered":"https:\/\/brumcosmetique.com\/?post_type=product&#038;p=16977"},"modified":"2025-09-11T17:34:02","modified_gmt":"2025-09-11T15:34:02","slug":"baume-hydratante-cerave-454g","status":"publish","type":"product","link":"https:\/\/brumcosmetique.com\/?product=baume-hydratante-cerave-454g","title":{"rendered":"Baume Hydratant CeraVe 454g"},"content":{"rendered":"<p>Pour peaux s\u00e8ches \u00e0 tr\u00e8s s\u00e8ches. Hydrate intens\u00e9ment et aide \u00e0 restaurer la barri\u00e8re protectrice de la peau. Cette cr\u00e8me riche et non grasse avec 3 c\u00e9ramides essentiels et de l&rsquo;acide hyaluronique hydrate la peau pendant 24 heures. Avantages : &#8211; 3 c\u00e9ramides essentielles (1, 3 et 6 &#8211; II) qui hydratent et restaurent la barri\u00e8re protectrice de la peau ; &#8211; Technologie MVE \u00e0 lib\u00e9ration contr\u00f4l\u00e9e pour une hydratation de 24 heures ; &#8211; Avec de l&rsquo;acide hyaluronique qui aide \u00e0 pr\u00e9server l&rsquo;hydratation naturelle de la peau. Hypoallerg\u00e9nique. Sans parfum. Non com\u00e9dog\u00e8ne. Test\u00e9 sous contr\u00f4le dermatologique. &#8211; Application : appliquez g\u00e9n\u00e9reusement chaque fois que vous ressentez le besoin. Convient aux adultes et aux enfants. \u00c9viter le contour des yeux. En cas de contact, rincer imm\u00e9diatement et abondamment. &#8211; Composants Aqua\/Eau, Glyc\u00e9rine, Caprylic\/Capric Triglyc\u00e9ride, Niacinamide, Alcool c\u00e9t\u00e9arylique, Dim\u00e9thicone, Phenoxyethanol, Ceteareth &#8211; 20, Behentrimonium Methosulfate, Caprylic Glycol, Polyglyceryl &#8211; 3 Diisostearate, Sodium Laugroyllactylate, Potassium Phosphate. DisodiumED. TA, dipotassium phosphate, Ceramide NP, Ceramide AP, Phytosphingosine, Cholest\u00e9rol, gomme xanthane, carbomer, \u00e9thylhexylglyc\u00e9rine, hyaluronate de sodium, c\u00e9ramides EOP &#8211; Quantit\u00e9 : 454 g. Poids net : 454 g. R\u00e9f\u00e9rence MB113000.<\/p>\n","protected":false},"excerpt":{"rendered":"<ul class=\"a-unordered-list a-vertical a-spacing-mini\">\n<li class=\"a-spacing-mini\">Pour peaux s\u00e8ches \u00e0 tr\u00e8s s\u00e8ches. Hydrate intens\u00e9ment et aide \u00e0 restaurer la barri\u00e8re protectrice de la peau. Cette cr\u00e8me riche et non grasse avec 3 c\u00e9ramides essentiels et de l&rsquo;acide hyaluronique hydrate la peau pendant 24 heures.<\/li>\n<\/ul>\n","protected":false},"featured_media":18268,"comment_status":"open","ping_status":"closed","template":"","meta":[],"product_cat":[190,20,32],"product_tag":[],"class_list":{"0":"post-16977","1":"product","2":"type-product","3":"status-publish","4":"has-post-thumbnail","6":"product_cat-autres-corps","7":"product_cat-corps","8":"product_cat-visage","10":"first","11":"instock","12":"featured","13":"taxable","14":"shipping-taxable","15":"purchasable","16":"product-type-simple"},"_links":{"self":[{"href":"https:\/\/brumcosmetique.com\/index.php?rest_route=\/wp\/v2\/product\/16977","targetHints":{"allow":["GET"]}}],"collection":[{"href":"https:\/\/brumcosmetique.com\/index.php?rest_route=\/wp\/v2\/product"}],"about":[{"href":"https:\/\/brumcosmetique.com\/index.php?rest_route=\/wp\/v2\/types\/product"}],"replies":[{"embeddable":true,"href":"https:\/\/brumcosmetique.com\/index.php?rest_route=%2Fwp%2Fv2%2Fcomments&post=16977"}],"version-history":[{"count":2,"href":"https:\/\/brumcosmetique.com\/index.php?rest_route=\/wp\/v2\/product\/16977\/revisions"}],"predecessor-version":[{"id":16979,"href":"https:\/\/brumcosmetique.com\/index.php?rest_route=\/wp\/v2\/product\/16977\/revisions\/16979"}],"wp:featuredmedia":[{"embeddable":true,"href":"https:\/\/brumcosmetique.com\/index.php?rest_route=\/wp\/v2\/media\/18268"}],"wp:attachment":[{"href":"https:\/\/brumcosmetique.com\/index.php?rest_route=%2Fwp%2Fv2%2Fmedia&parent=16977"}],"wp:term":[{"taxonomy":"product_cat","embeddable":true,"href":"https:\/\/brumcosmetique.com\/index.php?rest_route=%2Fwp%2Fv2%2Fproduct_cat&post=16977"},{"taxonomy":"product_tag","embeddable":true,"href":"https:\/\/brumcosmetique.com\/index.php?rest_route=%2Fwp%2Fv2%2Fproduct_tag&post=16977"}],"curies":[{"name":"wp","href":"https:\/\/api.w.org\/{rel}","templated":true}]}}