{"id":16980,"date":"2024-08-26T14:02:34","date_gmt":"2024-08-26T12:02:34","guid":{"rendered":"https:\/\/brumcosmetique.com\/?post_type=product&#038;p=16980"},"modified":"2025-09-12T12:30:02","modified_gmt":"2025-09-12T10:30:02","slug":"sa-gel-nettoyant-anti-rugosites-cerave-473ml","status":"publish","type":"product","link":"https:\/\/brumcosmetique.com\/?product=sa-gel-nettoyant-anti-rugosites-cerave-473ml","title":{"rendered":"SA Gel Nettoyant Anti-Rugosit\u00e9s CeraVe 473ml"},"content":{"rendered":"<ul class=\"a-unordered-list a-vertical a-spacing-mini\">\n<li class=\"a-spacing-mini\"><span class=\"a-list-item\">NETTOIE ET EXFOLIE EN DOUCEUR : Le Gel Moussant Anti-Rugosit\u00e9s nettoie la peau et l&rsquo;exfolie tout en respectant sa barri\u00e8re protectrice naturelle. Il est id\u00e9al pour les peaux tr\u00e8s s\u00e8ches, rugueuses ou sujettes \u00e0 la k\u00e9ratose pilaire.<\/span><\/li>\n<li class=\"a-spacing-mini\"><span class=\"a-list-item\">FORMULE ANTI-RUGOSIT\u00c9S ET S\u00c9CHERESSE : Ce gel nettoyant est formul\u00e9 avec de l&rsquo;acide salicylique pour exfolier la peau en douceur, de l&rsquo;acide hyaluronique au pouvoir hautement hydratant et des c\u00e9ramides naturellement pr\u00e9sents dans la barri\u00e8re cutan\u00e9e.<\/span><\/li>\n<li class=\"a-spacing-mini\"><span class=\"a-list-item\">EFFET CLINIQUEMENT PROUV\u00c9 : D\u00e9velopp\u00e9 et test\u00e9 sous contr\u00f4le dermatologique, ce gel lavant hypoallerg\u00e9nique et non com\u00e9dog\u00e8ne rend la peau 40 % plus douce et lisse et 76 % moins s\u00e8che au bout de 4 semaines d&rsquo;utilisation.*<\/span><\/li>\n<li class=\"a-spacing-mini\"><span class=\"a-list-item\">VOTRE ROUTINE POUR UNE PEAU DOUCE : Appliquer matin et soir sur la peau humide du corps. Faire mousser, puis rincer. Insister sur les zones tr\u00e8s s\u00e8ches et rugueuses. Compl\u00e9ter avec la Cr\u00e8me SA Anti-rugosit\u00e9s et une cr\u00e8me hydratante visage.<\/span><\/li>\n<li class=\"a-spacing-mini\"><span class=\"a-list-item\">SOINS DERMATOLOGIQUES CIBL\u00c9S : CeraVe propose des soins cutan\u00e9s d\u00e9velopp\u00e9s avec des dermatologues \u00e0 partir de 3 c\u00e9ramides essentiels, avec un syst\u00e8me de diffusion r\u00e9volutionnaire, pour aider \u00e0 restaurer la barri\u00e8re naturelle protectrice de la peau.<\/span><\/li>\n<\/ul>\n","protected":false},"excerpt":{"rendered":"<p><span class=\"a-list-item\">Le Gel Moussant Anti-Rugosit\u00e9s nettoie la peau et l&rsquo;exfolie tout en respectant sa barri\u00e8re protectrice naturelle. Il est id\u00e9al pour les peaux tr\u00e8s s\u00e8ches, rugueuses ou sujettes \u00e0 la k\u00e9ratose pilaire.<\/span><\/p>\n","protected":false},"featured_media":18269,"comment_status":"open","ping_status":"closed","template":"","meta":[],"product_cat":[190,20],"product_tag":[],"class_list":{"0":"post-16980","1":"product","2":"type-product","3":"status-publish","4":"has-post-thumbnail","6":"product_cat-autres-corps","7":"product_cat-corps","9":"first","10":"instock","11":"taxable","12":"shipping-taxable","13":"purchasable","14":"product-type-simple"},"_links":{"self":[{"href":"https:\/\/brumcosmetique.com\/index.php?rest_route=\/wp\/v2\/product\/16980","targetHints":{"allow":["GET"]}}],"collection":[{"href":"https:\/\/brumcosmetique.com\/index.php?rest_route=\/wp\/v2\/product"}],"about":[{"href":"https:\/\/brumcosmetique.com\/index.php?rest_route=\/wp\/v2\/types\/product"}],"replies":[{"embeddable":true,"href":"https:\/\/brumcosmetique.com\/index.php?rest_route=%2Fwp%2Fv2%2Fcomments&post=16980"}],"version-history":[{"count":1,"href":"https:\/\/brumcosmetique.com\/index.php?rest_route=\/wp\/v2\/product\/16980\/revisions"}],"predecessor-version":[{"id":16981,"href":"https:\/\/brumcosmetique.com\/index.php?rest_route=\/wp\/v2\/product\/16980\/revisions\/16981"}],"wp:featuredmedia":[{"embeddable":true,"href":"https:\/\/brumcosmetique.com\/index.php?rest_route=\/wp\/v2\/media\/18269"}],"wp:attachment":[{"href":"https:\/\/brumcosmetique.com\/index.php?rest_route=%2Fwp%2Fv2%2Fmedia&parent=16980"}],"wp:term":[{"taxonomy":"product_cat","embeddable":true,"href":"https:\/\/brumcosmetique.com\/index.php?rest_route=%2Fwp%2Fv2%2Fproduct_cat&post=16980"},{"taxonomy":"product_tag","embeddable":true,"href":"https:\/\/brumcosmetique.com\/index.php?rest_route=%2Fwp%2Fv2%2Fproduct_tag&post=16980"}],"curies":[{"name":"wp","href":"https:\/\/api.w.org\/{rel}","templated":true}]}}