{"id":17697,"date":"2024-08-26T16:54:25","date_gmt":"2024-08-26T14:54:25","guid":{"rendered":"https:\/\/brumcosmetique.com\/?post_type=product&#038;p=17697"},"modified":"2026-01-31T19:34:28","modified_gmt":"2026-01-31T18:34:28","slug":"cicaplast-gel-b5-la-roche-posay-40ml","status":"publish","type":"product","link":"https:\/\/brumcosmetique.com\/?product=cicaplast-gel-b5-la-roche-posay-40ml","title":{"rendered":"Cicaplast Gel B5 La Roche-Posay 40ml"},"content":{"rendered":"<div class=\"collapse pfd__collapse collapse--expanded\">\n<div id=\"collapse618\" class=\"collapse__content\">\n<div class=\"collapse__wrapper\">\n<div class=\"rich-text\">\n<p>CICAPLAST Gel B5 est le premier soin La Roche-Posay post-points de suture, post peeling et post-laser. Apaise, prot\u00e8ge et r\u00e9pare les peaux fragilis\u00e9es post-points de suture, post peeling et post-laser. Acc\u00e9l\u00e9rateur de r\u00e9paration \u00e9pidermique.<\/p>\n<\/div>\n<\/div>\n<\/div>\n<\/div>\n","protected":false},"excerpt":{"rendered":"<div class=\"collapse pfd__collapse collapse--expanded\">\n<div id=\"collapse618\" class=\"collapse__content\">\n<div class=\"collapse__wrapper\">\n<div class=\"rich-text\">\n<p>CICAPLAST Gel B5 est le premier soin La Roche-Posay post-points de suture, post peeling et post-laser. Apaise, prot\u00e8ge et r\u00e9pare les peaux fragilis\u00e9es post-points de suture, post peeling et post-laser. Acc\u00e9l\u00e9rateur de r\u00e9paration \u00e9pidermique.<\/p>\n<\/div>\n<\/div>\n<\/div>\n<\/div>\n","protected":false},"featured_media":16842,"comment_status":"open","ping_status":"closed","template":"","meta":[],"product_cat":[173,32],"product_tag":[],"class_list":{"0":"post-17697","1":"product","2":"type-product","3":"status-publish","4":"has-post-thumbnail","6":"product_cat-gel-visage","7":"product_cat-visage","9":"first","10":"outofstock","11":"taxable","12":"shipping-taxable","13":"purchasable","14":"product-type-simple"},"_links":{"self":[{"href":"https:\/\/brumcosmetique.com\/index.php?rest_route=\/wp\/v2\/product\/17697","targetHints":{"allow":["GET"]}}],"collection":[{"href":"https:\/\/brumcosmetique.com\/index.php?rest_route=\/wp\/v2\/product"}],"about":[{"href":"https:\/\/brumcosmetique.com\/index.php?rest_route=\/wp\/v2\/types\/product"}],"replies":[{"embeddable":true,"href":"https:\/\/brumcosmetique.com\/index.php?rest_route=%2Fwp%2Fv2%2Fcomments&post=17697"}],"version-history":[{"count":1,"href":"https:\/\/brumcosmetique.com\/index.php?rest_route=\/wp\/v2\/product\/17697\/revisions"}],"predecessor-version":[{"id":17698,"href":"https:\/\/brumcosmetique.com\/index.php?rest_route=\/wp\/v2\/product\/17697\/revisions\/17698"}],"wp:featuredmedia":[{"embeddable":true,"href":"https:\/\/brumcosmetique.com\/index.php?rest_route=\/wp\/v2\/media\/16842"}],"wp:attachment":[{"href":"https:\/\/brumcosmetique.com\/index.php?rest_route=%2Fwp%2Fv2%2Fmedia&parent=17697"}],"wp:term":[{"taxonomy":"product_cat","embeddable":true,"href":"https:\/\/brumcosmetique.com\/index.php?rest_route=%2Fwp%2Fv2%2Fproduct_cat&post=17697"},{"taxonomy":"product_tag","embeddable":true,"href":"https:\/\/brumcosmetique.com\/index.php?rest_route=%2Fwp%2Fv2%2Fproduct_tag&post=17697"}],"curies":[{"name":"wp","href":"https:\/\/api.w.org\/{rel}","templated":true}]}}