{"id":17708,"date":"2024-08-26T17:18:13","date_gmt":"2024-08-26T15:18:13","guid":{"rendered":"https:\/\/brumcosmetique.com\/?post_type=product&#038;p=17708"},"modified":"2026-03-20T11:09:16","modified_gmt":"2026-03-20T10:09:16","slug":"effaclar-serum-ultra-concentre-la-roche-posay-30ml","status":"publish","type":"product","link":"https:\/\/brumcosmetique.com\/?product=effaclar-serum-ultra-concentre-la-roche-posay-30ml","title":{"rendered":"Effaclar S\u00e9rum Ultra Concentr\u00e9 La Roche-Posay 30ml"},"content":{"rendered":"<div class=\"collapse pfd__collapse collapse--expanded\">\n<div id=\"collapse618\" class=\"collapse__content\">\n<div class=\"collapse__wrapper\">\n<div class=\"rich-text\">\n<div class=\"collapse pfd__collapse collapse--expanded\">\n<div id=\"collapse618\" class=\"collapse__content\">\n<div class=\"collapse__wrapper\">\n<div class=\"rich-text\">\n<p>S\u00e9rum anti-imperfections : effet peeling pour peaux adultes \u00e0 tendance acn\u00e9ique<\/p>\n<\/div>\n<\/div>\n<\/div>\n<\/div>\n<\/div>\n<\/div>\n<\/div>\n<\/div>\n","protected":false},"excerpt":{"rendered":"<div class=\"collapse pfd__collapse collapse--expanded\">\n<div id=\"collapse618\" class=\"collapse__content\">\n<div class=\"collapse__wrapper\">\n<div class=\"rich-text\">\n<p><b>Probl\u00e8mes cibl\u00e9s<\/b>\u00a0:<\/p>\n<ul>\n<li>Imperfections<\/li>\n<li>Points noirs<\/li>\n<li>Pores dilat\u00e9s<\/li>\n<li>Marques persistantes<\/li>\n<\/ul>\n<p><b>Type de peau :<\/b><\/p>\n<ul>\n<li>Peaux grasses \u00e0 tendance acn\u00e9ique<\/li>\n<\/ul>\n<p><b>\u00c2ge :<\/b><\/p>\n<ul>\n<li>\u00c0 partir de 18 ans<\/li>\n<\/ul>\n<\/div>\n<\/div>\n<\/div>\n<\/div>\n","protected":false},"featured_media":16852,"comment_status":"open","ping_status":"closed","template":"","meta":[],"product_cat":[178,32],"product_tag":[],"class_list":{"0":"post-17708","1":"product","2":"type-product","3":"status-publish","4":"has-post-thumbnail","6":"product_cat-serums-de-visage","7":"product_cat-visage","9":"first","10":"instock","11":"sale","12":"taxable","13":"shipping-taxable","14":"purchasable","15":"product-type-simple"},"_links":{"self":[{"href":"https:\/\/brumcosmetique.com\/index.php?rest_route=\/wp\/v2\/product\/17708","targetHints":{"allow":["GET"]}}],"collection":[{"href":"https:\/\/brumcosmetique.com\/index.php?rest_route=\/wp\/v2\/product"}],"about":[{"href":"https:\/\/brumcosmetique.com\/index.php?rest_route=\/wp\/v2\/types\/product"}],"replies":[{"embeddable":true,"href":"https:\/\/brumcosmetique.com\/index.php?rest_route=%2Fwp%2Fv2%2Fcomments&post=17708"}],"version-history":[{"count":1,"href":"https:\/\/brumcosmetique.com\/index.php?rest_route=\/wp\/v2\/product\/17708\/revisions"}],"predecessor-version":[{"id":17709,"href":"https:\/\/brumcosmetique.com\/index.php?rest_route=\/wp\/v2\/product\/17708\/revisions\/17709"}],"wp:featuredmedia":[{"embeddable":true,"href":"https:\/\/brumcosmetique.com\/index.php?rest_route=\/wp\/v2\/media\/16852"}],"wp:attachment":[{"href":"https:\/\/brumcosmetique.com\/index.php?rest_route=%2Fwp%2Fv2%2Fmedia&parent=17708"}],"wp:term":[{"taxonomy":"product_cat","embeddable":true,"href":"https:\/\/brumcosmetique.com\/index.php?rest_route=%2Fwp%2Fv2%2Fproduct_cat&post=17708"},{"taxonomy":"product_tag","embeddable":true,"href":"https:\/\/brumcosmetique.com\/index.php?rest_route=%2Fwp%2Fv2%2Fproduct_tag&post=17708"}],"curies":[{"name":"wp","href":"https:\/\/api.w.org\/{rel}","templated":true}]}}