{"id":17740,"date":"2024-08-26T19:53:05","date_gmt":"2024-08-26T17:53:05","guid":{"rendered":"https:\/\/brumcosmetique.com\/?post_type=product&#038;p=17740"},"modified":"2026-02-08T21:10:34","modified_gmt":"2026-02-08T20:10:34","slug":"creme-bb-fluide-protecteur-anti-age-global-spf50-sunissime-lierac-40ml","status":"publish","type":"product","link":"https:\/\/brumcosmetique.com\/?product=creme-bb-fluide-protecteur-anti-age-global-spf50-sunissime-lierac-40ml","title":{"rendered":"Cr\u00e8me BB Fluide Protecteur Anti-\u00e2ge Global SPF50+ Sunissime Lierac 40ml"},"content":{"rendered":"<div class=\"collapse pfd__collapse collapse--expanded\">\n<div id=\"collapse618\" class=\"collapse__content\">\n<div class=\"collapse__wrapper\">\n<div class=\"rich-text\">\n<div class=\"collapse pfd__collapse collapse--expanded\">\n<div id=\"collapse618\" class=\"collapse__content\">\n<div class=\"collapse__wrapper\">\n<div class=\"rich-text\">\n<p><strong>Le fluide teint\u00e9 solaire anti-\u00e2ge global qui \u00e9nergise la peau et procure un effet bonne mine instantan\u00e9.<\/strong><\/p>\n<p>Gr\u00e2ce \u00e0 la technologie Global Protect Energy, ce fluide teint\u00e9 protecteur offre une protection solaire ultra-large spectre (UVA, UVB, lumi\u00e8re visible, infrarouges); sans oublier la pro-taurine qui transforme les radicaux libres en flux d\u2019\u00e9nergie pour la peau.<\/p>\n<\/div>\n<\/div>\n<\/div>\n<\/div>\n<\/div>\n<\/div>\n<\/div>\n<\/div>\n","protected":false},"excerpt":{"rendered":"<div class=\"product-short-intro\">\n<div class=\"product-short-intro\">\n<p>L\u2019acide hyaluronique hydrate et repulpe la peau parfois ass\u00e9ch\u00e9e par le soleil, tandis qu\u2019un peptide activateur de bronzage participe \u00e0 offrir un h\u00e2le rayonnant et uniforme, sans taches, et sans multiplier les expositions. Ce fluide au d\u00e9licieux parfum de bergamote givr\u00e9e, de jasmin et d&rsquo;eau de coco fait corps avec la peau et y infuse un voile de pigments dor\u00e9s, si l\u00e9ger qu&rsquo;il se marie \u00e0 toutes les carnations.\u00a0<strong>Les imperfections s&rsquo;estompent, le teint est unifi\u00e9 et joliment satin\u00e9.<\/strong><\/p>\n<\/div>\n<\/div>\n","protected":false},"featured_media":16860,"comment_status":"open","ping_status":"closed","template":"","meta":[],"product_cat":[208,143,148,53,32],"product_tag":[],"class_list":{"0":"post-17740","1":"product","2":"type-product","3":"status-publish","4":"has-post-thumbnail","6":"product_cat-bb-cremes-avec-spf","7":"product_cat-cremes-de-visage","8":"product_cat-cremes-teintees-solaires","9":"product_cat-solaire","10":"product_cat-visage","12":"first","13":"instock","14":"sale","15":"taxable","16":"shipping-taxable","17":"purchasable","18":"product-type-simple"},"_links":{"self":[{"href":"https:\/\/brumcosmetique.com\/index.php?rest_route=\/wp\/v2\/product\/17740","targetHints":{"allow":["GET"]}}],"collection":[{"href":"https:\/\/brumcosmetique.com\/index.php?rest_route=\/wp\/v2\/product"}],"about":[{"href":"https:\/\/brumcosmetique.com\/index.php?rest_route=\/wp\/v2\/types\/product"}],"replies":[{"embeddable":true,"href":"https:\/\/brumcosmetique.com\/index.php?rest_route=%2Fwp%2Fv2%2Fcomments&post=17740"}],"version-history":[{"count":1,"href":"https:\/\/brumcosmetique.com\/index.php?rest_route=\/wp\/v2\/product\/17740\/revisions"}],"predecessor-version":[{"id":17741,"href":"https:\/\/brumcosmetique.com\/index.php?rest_route=\/wp\/v2\/product\/17740\/revisions\/17741"}],"wp:featuredmedia":[{"embeddable":true,"href":"https:\/\/brumcosmetique.com\/index.php?rest_route=\/wp\/v2\/media\/16860"}],"wp:attachment":[{"href":"https:\/\/brumcosmetique.com\/index.php?rest_route=%2Fwp%2Fv2%2Fmedia&parent=17740"}],"wp:term":[{"taxonomy":"product_cat","embeddable":true,"href":"https:\/\/brumcosmetique.com\/index.php?rest_route=%2Fwp%2Fv2%2Fproduct_cat&post=17740"},{"taxonomy":"product_tag","embeddable":true,"href":"https:\/\/brumcosmetique.com\/index.php?rest_route=%2Fwp%2Fv2%2Fproduct_tag&post=17740"}],"curies":[{"name":"wp","href":"https:\/\/api.w.org\/{rel}","templated":true}]}}