{"id":17752,"date":"2024-08-26T20:30:52","date_gmt":"2024-08-26T18:30:52","guid":{"rendered":"https:\/\/brumcosmetique.com\/?post_type=product&#038;p=17752"},"modified":"2025-05-14T12:07:01","modified_gmt":"2025-05-14T10:07:01","slug":"gel-exfoliant-anti-brillance-citron-vert-neutrogena-150ml","status":"publish","type":"product","link":"https:\/\/brumcosmetique.com\/?product=gel-exfoliant-anti-brillance-citron-vert-neutrogena-150ml","title":{"rendered":"Gel Exfoliant Anti-Brillance Citron Vert Neutrogena 150ml"},"content":{"rendered":"<div>Le gel exfoliant Anti-brillance Citron Vert d\u00e9loge le s\u00e9bum des pores et matifie la peau durablement.<\/div>\n<div>Gr\u00e2ce aux micro-perles exfoliantes d&rsquo;origine naturelle, les pores sont d\u00e9congestionn\u00e9s, tout en pr\u00e9servant l&rsquo;\u00e9quilibre naturel de la peau.<\/div>\n","protected":false},"excerpt":{"rendered":"<div class=\"product-short-intro\">\n<div class=\"product-short-intro\">\n<p>Le gel exfoliant Anti-brillance Citron Vert d\u00e9loge le s\u00e9bum des pores et matifie la peau durablement.<\/p>\n<\/div>\n<\/div>\n","protected":false},"featured_media":16865,"comment_status":"open","ping_status":"closed","template":"","meta":[],"product_cat":[143,173,32],"product_tag":[],"class_list":{"0":"post-17752","1":"product","2":"type-product","3":"status-publish","4":"has-post-thumbnail","6":"product_cat-cremes-de-visage","7":"product_cat-gel-visage","8":"product_cat-visage","10":"first","11":"instock","12":"taxable","13":"shipping-taxable","14":"purchasable","15":"product-type-simple"},"_links":{"self":[{"href":"https:\/\/brumcosmetique.com\/index.php?rest_route=\/wp\/v2\/product\/17752","targetHints":{"allow":["GET"]}}],"collection":[{"href":"https:\/\/brumcosmetique.com\/index.php?rest_route=\/wp\/v2\/product"}],"about":[{"href":"https:\/\/brumcosmetique.com\/index.php?rest_route=\/wp\/v2\/types\/product"}],"replies":[{"embeddable":true,"href":"https:\/\/brumcosmetique.com\/index.php?rest_route=%2Fwp%2Fv2%2Fcomments&post=17752"}],"version-history":[{"count":1,"href":"https:\/\/brumcosmetique.com\/index.php?rest_route=\/wp\/v2\/product\/17752\/revisions"}],"predecessor-version":[{"id":17753,"href":"https:\/\/brumcosmetique.com\/index.php?rest_route=\/wp\/v2\/product\/17752\/revisions\/17753"}],"wp:featuredmedia":[{"embeddable":true,"href":"https:\/\/brumcosmetique.com\/index.php?rest_route=\/wp\/v2\/media\/16865"}],"wp:attachment":[{"href":"https:\/\/brumcosmetique.com\/index.php?rest_route=%2Fwp%2Fv2%2Fmedia&parent=17752"}],"wp:term":[{"taxonomy":"product_cat","embeddable":true,"href":"https:\/\/brumcosmetique.com\/index.php?rest_route=%2Fwp%2Fv2%2Fproduct_cat&post=17752"},{"taxonomy":"product_tag","embeddable":true,"href":"https:\/\/brumcosmetique.com\/index.php?rest_route=%2Fwp%2Fv2%2Fproduct_tag&post=17752"}],"curies":[{"name":"wp","href":"https:\/\/api.w.org\/{rel}","templated":true}]}}