{"id":17764,"date":"2024-08-26T21:09:40","date_gmt":"2024-08-26T19:09:40","guid":{"rendered":"https:\/\/brumcosmetique.com\/?post_type=product&#038;p=17764"},"modified":"2025-03-27T08:53:36","modified_gmt":"2025-03-27T07:53:36","slug":"huile-lavante-relipidante-eczeane-noreva-1litre","status":"publish","type":"product","link":"https:\/\/brumcosmetique.com\/?product=huile-lavante-relipidante-eczeane-noreva-1litre","title":{"rendered":"Huile Lavante Relipidante Eczeane Noreva  1Litre"},"content":{"rendered":"<p>Compos\u00e9e d\u2019une base lavante tr\u00e8s douce et d\u2019un trio unique d\u2019huiles relipidantes riches en acides gras essentiels, l\u2019Huile lavante relipidante Eczeane est l\u2019alli\u00e9e des peaux tr\u00e8s s\u00e8ches, sensibles et sujettes \u00e0 l\u2019ecz\u00e9ma atopique.<\/p>\n","protected":false},"excerpt":{"rendered":"<p>Les peaux tr\u00e8s s\u00e8ches, sujettes \u00e0 l\u2019ecz\u00e9ma atopiques sont particuli\u00e8rement d\u00e9licates. Prendre soin des ces peaux aux probl\u00e9matiques diverses commence par l\u2019utilisation de produits adapt\u00e9s.<\/p>\n<p>Compos\u00e9e d\u2019une base lavante tr\u00e8s douce et d\u2019un trio unique d\u2019huiles relipidantes riches en acides gras essentiels, l\u2019Huile lavante relipidante Eczeane\u00ae est l\u2019alli\u00e9e des peaux tr\u00e8s s\u00e8ches, sensibles et sujettes \u00e0 l\u2019ecz\u00e9ma atopique.<\/p>\n<p>Une formule unique \u00e0 la texture non grasse, facile \u00e0 rincer et non parfum\u00e9e pour nettoyer en douceur, nourrir et apaiser les peaux tr\u00e8s s\u00e8ches sujettes \u00e0 l\u2019ecz\u00e9ma atopique, de toute la famille. Une formule minimaliste sans savon et au pH physiologique.<\/p>\n<p>Un trio d\u2019huiles unique pour prendre soin des peaux sujettes \u00e0 l\u2019ecz\u00e9ma atopique de toute la famille :<br \/>\n100% facile \u00e0 rincer<br \/>\n95% peau nourrie<br \/>\n95% peau douce<\/p>\n<p>Auto-\u00e9valuation, 20 volontaires. % de satisfaction.<\/p>\n","protected":false},"featured_media":16873,"comment_status":"open","ping_status":"closed","template":"","meta":[],"product_cat":[20,123],"product_tag":[],"class_list":{"0":"post-17764","1":"product","2":"type-product","3":"status-publish","4":"has-post-thumbnail","6":"product_cat-corps","7":"product_cat-huiles-de-corps","9":"first","10":"outofstock","11":"taxable","12":"shipping-taxable","13":"purchasable","14":"product-type-simple"},"_links":{"self":[{"href":"https:\/\/brumcosmetique.com\/index.php?rest_route=\/wp\/v2\/product\/17764","targetHints":{"allow":["GET"]}}],"collection":[{"href":"https:\/\/brumcosmetique.com\/index.php?rest_route=\/wp\/v2\/product"}],"about":[{"href":"https:\/\/brumcosmetique.com\/index.php?rest_route=\/wp\/v2\/types\/product"}],"replies":[{"embeddable":true,"href":"https:\/\/brumcosmetique.com\/index.php?rest_route=%2Fwp%2Fv2%2Fcomments&post=17764"}],"version-history":[{"count":1,"href":"https:\/\/brumcosmetique.com\/index.php?rest_route=\/wp\/v2\/product\/17764\/revisions"}],"predecessor-version":[{"id":17765,"href":"https:\/\/brumcosmetique.com\/index.php?rest_route=\/wp\/v2\/product\/17764\/revisions\/17765"}],"wp:featuredmedia":[{"embeddable":true,"href":"https:\/\/brumcosmetique.com\/index.php?rest_route=\/wp\/v2\/media\/16873"}],"wp:attachment":[{"href":"https:\/\/brumcosmetique.com\/index.php?rest_route=%2Fwp%2Fv2%2Fmedia&parent=17764"}],"wp:term":[{"taxonomy":"product_cat","embeddable":true,"href":"https:\/\/brumcosmetique.com\/index.php?rest_route=%2Fwp%2Fv2%2Fproduct_cat&post=17764"},{"taxonomy":"product_tag","embeddable":true,"href":"https:\/\/brumcosmetique.com\/index.php?rest_route=%2Fwp%2Fv2%2Fproduct_tag&post=17764"}],"curies":[{"name":"wp","href":"https:\/\/api.w.org\/{rel}","templated":true}]}}