{"id":17768,"date":"2024-08-26T21:30:00","date_gmt":"2024-08-26T19:30:00","guid":{"rendered":"https:\/\/brumcosmetique.com\/?post_type=product&#038;p=17768"},"modified":"2025-03-27T20:53:35","modified_gmt":"2025-03-27T19:53:35","slug":"lait-corporel-hydratant-24h-aquareva-noreva-1litre","status":"publish","type":"product","link":"https:\/\/brumcosmetique.com\/?product=lait-corporel-hydratant-24h-aquareva-noreva-1litre","title":{"rendered":"Lait Corporel Hydratant 24H Aquareva Noreva  1Litre"},"content":{"rendered":"<p>Sp\u00e9cifiquement formul\u00e9 pour les peaux intens\u00e9ment d\u00e9shydrat\u00e9es, Aquareva\u00ae Lait corporel hydratant 24H compense le dess\u00e8chement cutan\u00e9, reconstitue la barri\u00e8re protectrice de surface et permet \u00e0 la peau de retrouver \u00e9lasticit\u00e9 et douceur. V\u00e9ritable explosion aquatique gr\u00e2ce aux perles d\u2019eau des glaciers, il hydrate et prot\u00e8ge la peau durablement en lui laissant un aspect satin\u00e9.<\/p>\n","protected":false},"excerpt":{"rendered":"<p>Une efficacit\u00e9 prouv\u00e9e sur les peaux d\u00e9shydrat\u00e9es :<br \/>\n100% peau prot\u00e9g\u00e9e et r\u00e9par\u00e9e<br \/>\n100% peau hydrat\u00e9e et nourrie durablement<br \/>\n100% fini non collant<\/p>\n","protected":false},"featured_media":16874,"comment_status":"open","ping_status":"closed","template":"","meta":[],"product_cat":[20,121],"product_tag":[],"class_list":{"0":"post-17768","1":"product","2":"type-product","3":"status-publish","4":"has-post-thumbnail","6":"product_cat-corps","7":"product_cat-laits-de-corps","9":"first","10":"outofstock","11":"taxable","12":"shipping-taxable","13":"purchasable","14":"product-type-simple"},"_links":{"self":[{"href":"https:\/\/brumcosmetique.com\/index.php?rest_route=\/wp\/v2\/product\/17768","targetHints":{"allow":["GET"]}}],"collection":[{"href":"https:\/\/brumcosmetique.com\/index.php?rest_route=\/wp\/v2\/product"}],"about":[{"href":"https:\/\/brumcosmetique.com\/index.php?rest_route=\/wp\/v2\/types\/product"}],"replies":[{"embeddable":true,"href":"https:\/\/brumcosmetique.com\/index.php?rest_route=%2Fwp%2Fv2%2Fcomments&post=17768"}],"version-history":[{"count":1,"href":"https:\/\/brumcosmetique.com\/index.php?rest_route=\/wp\/v2\/product\/17768\/revisions"}],"predecessor-version":[{"id":17769,"href":"https:\/\/brumcosmetique.com\/index.php?rest_route=\/wp\/v2\/product\/17768\/revisions\/17769"}],"wp:featuredmedia":[{"embeddable":true,"href":"https:\/\/brumcosmetique.com\/index.php?rest_route=\/wp\/v2\/media\/16874"}],"wp:attachment":[{"href":"https:\/\/brumcosmetique.com\/index.php?rest_route=%2Fwp%2Fv2%2Fmedia&parent=17768"}],"wp:term":[{"taxonomy":"product_cat","embeddable":true,"href":"https:\/\/brumcosmetique.com\/index.php?rest_route=%2Fwp%2Fv2%2Fproduct_cat&post=17768"},{"taxonomy":"product_tag","embeddable":true,"href":"https:\/\/brumcosmetique.com\/index.php?rest_route=%2Fwp%2Fv2%2Fproduct_tag&post=17768"}],"curies":[{"name":"wp","href":"https:\/\/api.w.org\/{rel}","templated":true}]}}