{"id":17792,"date":"2024-08-27T13:51:28","date_gmt":"2024-08-27T11:51:28","guid":{"rendered":"https:\/\/brumcosmetique.com\/?post_type=product&#038;p=17792"},"modified":"2025-08-09T12:03:47","modified_gmt":"2025-08-09T10:03:47","slug":"lait-revitalisant-hydratant-fleur-dosmanthus-roger-gallet-400ml","status":"publish","type":"product","link":"https:\/\/brumcosmetique.com\/?product=lait-revitalisant-hydratant-fleur-dosmanthus-roger-gallet-400ml","title":{"rendered":"Lait Revitalisant Hydratant Fleur d&rsquo;Osmanthus Roger Gallet 400ml"},"content":{"rendered":"<p>Enrichi d&rsquo;un c\u0153ur d&rsquo;huiles v\u00e9g\u00e9tales (passiflore, c\u00e9r\u00e9ales et avocat), d&rsquo;aloe vera et d&rsquo;huile d&rsquo;abricot, le Lait Corps sorbet Fleur d&rsquo;Osmanthus hydrate et revitalise les peaux normales \u00e0 s\u00e8ches. Sa formule l\u00e9g\u00e8re et fra\u00eeche fond instantan\u00e9ment en eau et laisse la peau incroyablement douce et d\u00e9licieusement parfum\u00e9e des notes florales et fruit\u00e9es de Fleur d&rsquo;Osmanthus. Test\u00e9 sous contr\u00f4le dermatologique.<\/p>\n","protected":false},"excerpt":{"rendered":"<p>Enrichi d&rsquo;un c\u0153ur d&rsquo;huiles v\u00e9g\u00e9tales (passiflore, c\u00e9r\u00e9ales et avocat), d&rsquo;aloe vera et d&rsquo;huile d&rsquo;abricot, le Lait Corps sorbet Fleur d&rsquo;Osmanthus hydrate et revitalise les peaux normales \u00e0 s\u00e8ches. Sa formule l\u00e9g\u00e8re et fra\u00eeche fond instantan\u00e9ment en eau et laisse la peau incroyablement douce et d\u00e9licieusement parfum\u00e9e des notes florales et fruit\u00e9es de Fleur d&rsquo;Osmanthus. Test\u00e9 sous contr\u00f4le dermatologique.<\/p>\n","protected":false},"featured_media":16883,"comment_status":"open","ping_status":"closed","template":"","meta":[],"product_cat":[20,121],"product_tag":[],"class_list":{"0":"post-17792","1":"product","2":"type-product","3":"status-publish","4":"has-post-thumbnail","6":"product_cat-corps","7":"product_cat-laits-de-corps","9":"first","10":"instock","11":"sale","12":"taxable","13":"shipping-taxable","14":"purchasable","15":"product-type-simple"},"_links":{"self":[{"href":"https:\/\/brumcosmetique.com\/index.php?rest_route=\/wp\/v2\/product\/17792","targetHints":{"allow":["GET"]}}],"collection":[{"href":"https:\/\/brumcosmetique.com\/index.php?rest_route=\/wp\/v2\/product"}],"about":[{"href":"https:\/\/brumcosmetique.com\/index.php?rest_route=\/wp\/v2\/types\/product"}],"replies":[{"embeddable":true,"href":"https:\/\/brumcosmetique.com\/index.php?rest_route=%2Fwp%2Fv2%2Fcomments&post=17792"}],"version-history":[{"count":1,"href":"https:\/\/brumcosmetique.com\/index.php?rest_route=\/wp\/v2\/product\/17792\/revisions"}],"predecessor-version":[{"id":17793,"href":"https:\/\/brumcosmetique.com\/index.php?rest_route=\/wp\/v2\/product\/17792\/revisions\/17793"}],"wp:featuredmedia":[{"embeddable":true,"href":"https:\/\/brumcosmetique.com\/index.php?rest_route=\/wp\/v2\/media\/16883"}],"wp:attachment":[{"href":"https:\/\/brumcosmetique.com\/index.php?rest_route=%2Fwp%2Fv2%2Fmedia&parent=17792"}],"wp:term":[{"taxonomy":"product_cat","embeddable":true,"href":"https:\/\/brumcosmetique.com\/index.php?rest_route=%2Fwp%2Fv2%2Fproduct_cat&post=17792"},{"taxonomy":"product_tag","embeddable":true,"href":"https:\/\/brumcosmetique.com\/index.php?rest_route=%2Fwp%2Fv2%2Fproduct_tag&post=17792"}],"curies":[{"name":"wp","href":"https:\/\/api.w.org\/{rel}","templated":true}]}}