{"id":17800,"date":"2024-08-27T14:17:05","date_gmt":"2024-08-27T12:17:05","guid":{"rendered":"https:\/\/brumcosmetique.com\/?post_type=product&#038;p=17800"},"modified":"2026-03-11T22:17:29","modified_gmt":"2026-03-11T21:17:29","slug":"gel-bain-douche-loriginal-roge-cavailles-1litre","status":"publish","type":"product","link":"https:\/\/brumcosmetique.com\/?product=gel-bain-douche-loriginal-roge-cavailles-1litre","title":{"rendered":"Gel Bain Douche L&rsquo;Original Rog\u00e9 Cavaill\u00e8s 1Litre"},"content":{"rendered":"<p>Sous la douche ou dans le bain, appliquez le Gel Bain Douche peau sensible sur votre peau pr\u00e9alablement mouill\u00e9e. Faites mousser, rincez, votre peau est hydrat\u00e9e, prot\u00e9g\u00e9e, plus vivante que jamais.<\/p>\n","protected":false},"excerpt":{"rendered":"<p>La vie est une histoire de r\u00e9g\u00e9n\u00e9ration : celle des peaux de toutes les familles pour un moment de bien-\u00eatre qui respecte notre plan\u00e8te.<br \/>\n\u2022 Une PEAU nourrie et prot\u00e9g\u00e9e : Renfermant du surgras v\u00e9g\u00e9tal pro-r\u00e9g\u00e9n\u00e9rant\u00ae, notre formule sans savon et test\u00e9e dermatologiquement sur peaux sensibles nettoie la peau en douceur et aide \u00e0 pr\u00e9server son processus naturel de r\u00e9g\u00e9n\u00e9ration.<br \/>\n\u2022 Un moment de BIEN-\u00caTRE gr\u00e2ce \u00e0 sa mousse onctueuse et son parfum iconique.<br \/>\n\u2022 Un geste pour la PLAN\u00c8TE avec sa bouteille 100% en plastique recycl\u00e9 et recyclable*.<br \/>\n\u2022 Pour toute la FAMILLE : petits et grands d\u00e8s 1 an.<\/p>\n","protected":false},"featured_media":16887,"comment_status":"open","ping_status":"closed","template":"","meta":[],"product_cat":[20,122],"product_tag":[],"class_list":{"0":"post-17800","1":"product","2":"type-product","3":"status-publish","4":"has-post-thumbnail","6":"product_cat-corps","7":"product_cat-gels-douche","9":"first","10":"instock","11":"taxable","12":"shipping-taxable","13":"purchasable","14":"product-type-simple"},"_links":{"self":[{"href":"https:\/\/brumcosmetique.com\/index.php?rest_route=\/wp\/v2\/product\/17800","targetHints":{"allow":["GET"]}}],"collection":[{"href":"https:\/\/brumcosmetique.com\/index.php?rest_route=\/wp\/v2\/product"}],"about":[{"href":"https:\/\/brumcosmetique.com\/index.php?rest_route=\/wp\/v2\/types\/product"}],"replies":[{"embeddable":true,"href":"https:\/\/brumcosmetique.com\/index.php?rest_route=%2Fwp%2Fv2%2Fcomments&post=17800"}],"version-history":[{"count":1,"href":"https:\/\/brumcosmetique.com\/index.php?rest_route=\/wp\/v2\/product\/17800\/revisions"}],"predecessor-version":[{"id":17801,"href":"https:\/\/brumcosmetique.com\/index.php?rest_route=\/wp\/v2\/product\/17800\/revisions\/17801"}],"wp:featuredmedia":[{"embeddable":true,"href":"https:\/\/brumcosmetique.com\/index.php?rest_route=\/wp\/v2\/media\/16887"}],"wp:attachment":[{"href":"https:\/\/brumcosmetique.com\/index.php?rest_route=%2Fwp%2Fv2%2Fmedia&parent=17800"}],"wp:term":[{"taxonomy":"product_cat","embeddable":true,"href":"https:\/\/brumcosmetique.com\/index.php?rest_route=%2Fwp%2Fv2%2Fproduct_cat&post=17800"},{"taxonomy":"product_tag","embeddable":true,"href":"https:\/\/brumcosmetique.com\/index.php?rest_route=%2Fwp%2Fv2%2Fproduct_tag&post=17800"}],"curies":[{"name":"wp","href":"https:\/\/api.w.org\/{rel}","templated":true}]}}