{"id":17866,"date":"2024-08-27T16:57:31","date_gmt":"2024-08-27T14:57:31","guid":{"rendered":"https:\/\/brumcosmetique.com\/?post_type=product&#038;p=17866"},"modified":"2025-05-13T19:39:01","modified_gmt":"2025-05-13T17:39:01","slug":"hydra-sebiaclear-svr-400ml","status":"publish","type":"product","link":"https:\/\/brumcosmetique.com\/?product=hydra-sebiaclear-svr-400ml","title":{"rendered":"Hydra Sebiaclear SVR 40ml"},"content":{"rendered":"<div class=\"prdct-title\">\n<div class=\"product product--template\" data-section-id=\"\" data-section-type=\"product\" data-enable-history-state=\"true\">\n<div class=\"container\">\n<div class=\"product__content\">\n<div class=\"product__tab expanded\" data-drawer-container=\"\">\n<div class=\"product__tab-content\" data-drawer-content=\"\">\n<p>Peaux \u00e0 tendance acn\u00e9ique sous traitements dess\u00e9chants.<\/p>\n<p>HYDRA est le v\u00e9ritable alli\u00e9 des peaux sous traitements anti-acn\u00e9iques.<\/p>\n<p>Plus qu\u2019un hydratant compensateur,\u00a0<strong>SEBIACLEAR HYDRA<\/strong>\u00a0r\u00e9pare la peau en profondeur et combat aussi les imperfections et les marques r\u00e9siduelles rouges et brunes.<\/p>\n<p>Sa texture in\u00e9dite micro-a\u00e9r\u00e9e cr\u00e8me-mousse fond sur la peau \u00e0 l\u2019application. Ce soin p\u00e9n\u00e8tre facilement pour un fini velout\u00e9 non gras. Excellente base de maquillage.<\/p>\n<\/div>\n<\/div>\n<\/div>\n<\/div>\n<\/div>\n<\/div>\n","protected":false},"excerpt":{"rendered":"<div class=\"block\">\n<div class=\"mt-3\">\n<div class=\"hidden lg:block\">\n<div class=\"prose-prevent-my text-big lg:text-[18px]\">\n<p>SEBIACLEAR Hydra est le 1er soin r\u00e9parateur apaisant \u00e0 l\u2019efficacit\u00e9 anti-marques, sp\u00e9cifiquement d\u00e9velopp\u00e9 pour les peaux \u00e0 tendance acn\u00e9ique sous traitement dess\u00e9chant.<\/p>\n<\/div>\n<\/div>\n<\/div>\n<\/div>\n","protected":false},"featured_media":16930,"comment_status":"open","ping_status":"closed","template":"","meta":[],"product_cat":[143,32],"product_tag":[],"class_list":{"0":"post-17866","1":"product","2":"type-product","3":"status-publish","4":"has-post-thumbnail","6":"product_cat-cremes-de-visage","7":"product_cat-visage","9":"first","10":"outofstock","11":"taxable","12":"shipping-taxable","13":"purchasable","14":"product-type-simple"},"_links":{"self":[{"href":"https:\/\/brumcosmetique.com\/index.php?rest_route=\/wp\/v2\/product\/17866","targetHints":{"allow":["GET"]}}],"collection":[{"href":"https:\/\/brumcosmetique.com\/index.php?rest_route=\/wp\/v2\/product"}],"about":[{"href":"https:\/\/brumcosmetique.com\/index.php?rest_route=\/wp\/v2\/types\/product"}],"replies":[{"embeddable":true,"href":"https:\/\/brumcosmetique.com\/index.php?rest_route=%2Fwp%2Fv2%2Fcomments&post=17866"}],"version-history":[{"count":2,"href":"https:\/\/brumcosmetique.com\/index.php?rest_route=\/wp\/v2\/product\/17866\/revisions"}],"predecessor-version":[{"id":17874,"href":"https:\/\/brumcosmetique.com\/index.php?rest_route=\/wp\/v2\/product\/17866\/revisions\/17874"}],"wp:featuredmedia":[{"embeddable":true,"href":"https:\/\/brumcosmetique.com\/index.php?rest_route=\/wp\/v2\/media\/16930"}],"wp:attachment":[{"href":"https:\/\/brumcosmetique.com\/index.php?rest_route=%2Fwp%2Fv2%2Fmedia&parent=17866"}],"wp:term":[{"taxonomy":"product_cat","embeddable":true,"href":"https:\/\/brumcosmetique.com\/index.php?rest_route=%2Fwp%2Fv2%2Fproduct_cat&post=17866"},{"taxonomy":"product_tag","embeddable":true,"href":"https:\/\/brumcosmetique.com\/index.php?rest_route=%2Fwp%2Fv2%2Fproduct_tag&post=17866"}],"curies":[{"name":"wp","href":"https:\/\/api.w.org\/{rel}","templated":true}]}}