{"id":17949,"date":"2024-08-27T19:13:26","date_gmt":"2024-08-27T17:13:26","guid":{"rendered":"https:\/\/brumcosmetique.com\/?post_type=product&#038;p=17949"},"modified":"2025-10-08T22:30:46","modified_gmt":"2025-10-08T20:30:46","slug":"huile-purifiante-hyseac-uriage-40ml","status":"publish","type":"product","link":"https:\/\/brumcosmetique.com\/?product=huile-purifiante-hyseac-uriage-40ml","title":{"rendered":"Huile Purifiante Hys\u00e9ac Uriage 100ml"},"content":{"rendered":"<p><strong>NETTOIE ET PURIFIE EN DOUCEUR :<\/strong>\u00a0Elle associe de l\u2019huile de nigelle, reconnue pour ses propri\u00e9t\u00e9s purifiantes, \u00e0 un d\u00e9riv\u00e9 d\u2019acide malique k\u00e9rator\u00e9gulateur pour d\u00e9sincruster les pores et r\u00e9duire l\u2019exc\u00e8s de s\u00e9bum.<\/p>\n<p><strong>ELIMINE LE MAQUILLAGE :<\/strong>\u00a0Sa base d\u00e9maquillante douce \u00e0 l\u2019huile de Tournesol s\u2019utilise sur l\u2019ensemble du visage et \u00e9limine le maquillage m\u00eame waterproof.<\/p>\n<p><strong>R\u00c9V\u00c8LE L\u2019ECLAT :<\/strong>\u00a0Enrichie en d\u00e9riv\u00e9 de vitamine E antioxydante, elle illumine le teint au fil des utilisations.<\/p>\n","protected":false},"excerpt":{"rendered":"<p><strong>NETTOIE ET PURIFIE EN DOUCEUR :<\/strong>\u00a0Elle associe de l\u2019huile de nigelle, reconnue pour ses propri\u00e9t\u00e9s purifiantes, \u00e0 un d\u00e9riv\u00e9 d\u2019acide malique k\u00e9rator\u00e9gulateur pour d\u00e9sincruster les pores et r\u00e9duire l\u2019exc\u00e8s de s\u00e9bum.<\/p>\n<p><strong>ELIMINE LE MAQUILLAGE :<\/strong>\u00a0Sa base d\u00e9maquillante douce \u00e0 l\u2019huile de Tournesol s\u2019utilise sur l\u2019ensemble du visage et \u00e9limine le maquillage m\u00eame waterproof.<\/p>\n<p><strong>R\u00c9V\u00c8LE L\u2019ECLAT :<\/strong>\u00a0Enrichie en d\u00e9riv\u00e9 de vitamine E antioxydante, elle illumine le teint au fil des utilisations.<\/p>\n","protected":false},"featured_media":18211,"comment_status":"open","ping_status":"closed","template":"","meta":[],"product_cat":[140,32],"product_tag":[],"class_list":{"0":"post-17949","1":"product","2":"type-product","3":"status-publish","4":"has-post-thumbnail","6":"product_cat-exfoliants1","7":"product_cat-visage","9":"first","10":"instock","11":"taxable","12":"shipping-taxable","13":"purchasable","14":"product-type-simple"},"_links":{"self":[{"href":"https:\/\/brumcosmetique.com\/index.php?rest_route=\/wp\/v2\/product\/17949","targetHints":{"allow":["GET"]}}],"collection":[{"href":"https:\/\/brumcosmetique.com\/index.php?rest_route=\/wp\/v2\/product"}],"about":[{"href":"https:\/\/brumcosmetique.com\/index.php?rest_route=\/wp\/v2\/types\/product"}],"replies":[{"embeddable":true,"href":"https:\/\/brumcosmetique.com\/index.php?rest_route=%2Fwp%2Fv2%2Fcomments&post=17949"}],"version-history":[{"count":3,"href":"https:\/\/brumcosmetique.com\/index.php?rest_route=\/wp\/v2\/product\/17949\/revisions"}],"predecessor-version":[{"id":18090,"href":"https:\/\/brumcosmetique.com\/index.php?rest_route=\/wp\/v2\/product\/17949\/revisions\/18090"}],"wp:featuredmedia":[{"embeddable":true,"href":"https:\/\/brumcosmetique.com\/index.php?rest_route=\/wp\/v2\/media\/18211"}],"wp:attachment":[{"href":"https:\/\/brumcosmetique.com\/index.php?rest_route=%2Fwp%2Fv2%2Fmedia&parent=17949"}],"wp:term":[{"taxonomy":"product_cat","embeddable":true,"href":"https:\/\/brumcosmetique.com\/index.php?rest_route=%2Fwp%2Fv2%2Fproduct_cat&post=17949"},{"taxonomy":"product_tag","embeddable":true,"href":"https:\/\/brumcosmetique.com\/index.php?rest_route=%2Fwp%2Fv2%2Fproduct_tag&post=17949"}],"curies":[{"name":"wp","href":"https:\/\/api.w.org\/{rel}","templated":true}]}}