{"id":17951,"date":"2024-08-27T19:19:18","date_gmt":"2024-08-27T17:19:18","guid":{"rendered":"https:\/\/brumcosmetique.com\/?post_type=product&#038;p=17951"},"modified":"2026-03-22T21:26:49","modified_gmt":"2026-03-22T20:26:49","slug":"creme-lavante-uriage-1litre","status":"publish","type":"product","link":"https:\/\/brumcosmetique.com\/?product=creme-lavante-uriage-1litre","title":{"rendered":"Cr\u00e8me Lavante Uriage 1Litre"},"content":{"rendered":"<ul class=\"list-steps\">\n<li>\n<h2>NETTOIE<\/h2>\n<p>Avec sa base lavante sans savon \u00e0 pH physiologique, elle \u00e9limine toutes les impuret\u00e9s en douceur.<\/li>\n<li>\n<h2>NOURRIT<\/h2>\n<p>Gr\u00e2ce \u00e0 un complexe ol\u00e9o-nutritif [Beurre de karit\u00e9 + Huile de Meadowfoam + Huile de Tournesol] elle pr\u00e9serve le film hydrolipidique de la peau et laisse la peau hydrat\u00e9e, douce et souple.<\/li>\n<li>\n<h2>PROTEGE<\/h2>\n<p>A l\u2019Eau Thermale d\u2019Uriage aux propri\u00e9t\u00e9s hydratantes et protectrices, elle pr\u00e9serve le film hydrolipidique de la peau.<\/li>\n<\/ul>\n","protected":false},"excerpt":{"rendered":"<ul class=\"list-steps\">\n<li>\n<h2>NETTOIE<\/h2>\n<p>Avec sa base lavante sans savon \u00e0 pH physiologique, elle \u00e9limine toutes les impuret\u00e9s en douceur.<\/li>\n<li>\n<h2>NOURRIT<\/h2>\n<p>Gr\u00e2ce \u00e0 un complexe ol\u00e9o-nutritif [Beurre de karit\u00e9 + Huile de Meadowfoam + Huile de Tournesol] elle pr\u00e9serve le film hydrolipidique de la peau et laisse la peau hydrat\u00e9e, douce et souple.<\/li>\n<li>\n<h2>PROTEGE<\/h2>\n<p>A l\u2019Eau Thermale d\u2019Uriage aux propri\u00e9t\u00e9s hydratantes et protectrices, elle pr\u00e9serve le film hydrolipidique de la peau.<\/li>\n<\/ul>\n","protected":false},"featured_media":18215,"comment_status":"open","ping_status":"closed","template":"","meta":[],"product_cat":[190,20],"product_tag":[],"class_list":{"0":"post-17951","1":"product","2":"type-product","3":"status-publish","4":"has-post-thumbnail","6":"product_cat-autres-corps","7":"product_cat-corps","9":"first","10":"instock","11":"taxable","12":"shipping-taxable","13":"purchasable","14":"product-type-simple"},"_links":{"self":[{"href":"https:\/\/brumcosmetique.com\/index.php?rest_route=\/wp\/v2\/product\/17951","targetHints":{"allow":["GET"]}}],"collection":[{"href":"https:\/\/brumcosmetique.com\/index.php?rest_route=\/wp\/v2\/product"}],"about":[{"href":"https:\/\/brumcosmetique.com\/index.php?rest_route=\/wp\/v2\/types\/product"}],"replies":[{"embeddable":true,"href":"https:\/\/brumcosmetique.com\/index.php?rest_route=%2Fwp%2Fv2%2Fcomments&post=17951"}],"version-history":[{"count":1,"href":"https:\/\/brumcosmetique.com\/index.php?rest_route=\/wp\/v2\/product\/17951\/revisions"}],"predecessor-version":[{"id":17952,"href":"https:\/\/brumcosmetique.com\/index.php?rest_route=\/wp\/v2\/product\/17951\/revisions\/17952"}],"wp:featuredmedia":[{"embeddable":true,"href":"https:\/\/brumcosmetique.com\/index.php?rest_route=\/wp\/v2\/media\/18215"}],"wp:attachment":[{"href":"https:\/\/brumcosmetique.com\/index.php?rest_route=%2Fwp%2Fv2%2Fmedia&parent=17951"}],"wp:term":[{"taxonomy":"product_cat","embeddable":true,"href":"https:\/\/brumcosmetique.com\/index.php?rest_route=%2Fwp%2Fv2%2Fproduct_cat&post=17951"},{"taxonomy":"product_tag","embeddable":true,"href":"https:\/\/brumcosmetique.com\/index.php?rest_route=%2Fwp%2Fv2%2Fproduct_tag&post=17951"}],"curies":[{"name":"wp","href":"https:\/\/api.w.org\/{rel}","templated":true}]}}