{"id":17955,"date":"2024-08-27T19:28:34","date_gmt":"2024-08-27T17:28:34","guid":{"rendered":"https:\/\/brumcosmetique.com\/?post_type=product&#038;p=17955"},"modified":"2025-11-30T21:19:28","modified_gmt":"2025-11-30T20:19:28","slug":"gel-surgras-dermatologique-uriage-1litre","status":"publish","type":"product","link":"https:\/\/brumcosmetique.com\/?product=gel-surgras-dermatologique-uriage-1litre","title":{"rendered":"Gel Surgras Dermatologique Uriage 1Litre"},"content":{"rendered":"<p><strong>NETTOIE ET PURIFIE EN DOUCEUR :<\/strong>\u00a0Elle associe de l\u2019huile de nigelle, reconnue pour ses propri\u00e9t\u00e9s purifiantes, \u00e0 un d\u00e9riv\u00e9 d\u2019acide malique k\u00e9rator\u00e9gulateur pour d\u00e9sincruster les pores et r\u00e9duire l\u2019exc\u00e8s de s\u00e9bum.<\/p>\n<p><strong>ELIMINE LE MAQUILLAGE :<\/strong>\u00a0Sa base d\u00e9maquillante douce \u00e0 l\u2019huile de Tournesol s\u2019utilise sur l\u2019ensemble du visage et \u00e9limine le maquillage m\u00eame waterproof.<\/p>\n<p><strong>R\u00c9V\u00c8LE L\u2019ECLAT :<\/strong>\u00a0Enrichie en d\u00e9riv\u00e9 de vitamine E antioxydante, elle illumine le teint au fil des utilisations.<\/p>\n<p><strong>Caract\u00e9ristiques :<\/strong><\/p>\n<p>-Huile de Tournesol<\/p>\n<p>-Huile de Nigelle<\/p>\n<p>-D\u00e9riv\u00e9 d\u2019Acide Malique<\/p>\n<p>-D\u00e9riv\u00e9 de Vitamine E<\/p>\n<p class=\"gadget__title\"><strong>Conseils d\u2019utilisation :<\/strong><\/p>\n<p>D\u00e9poser 1 ou 2 pressions d\u2019huile dans la paume des mains s\u00e8ches.<\/p>\n<p>Appliquer d\u00e9licatement sur visage sec par mouvements circulaires.<\/p>\n<p>Ajouter un peu d\u2019eau pour \u00e9mulsionner l\u2019huile qui se transforme en lait doux.<\/p>\n<p>Rincer abondamment.<\/p>\n","protected":false},"excerpt":{"rendered":"<p><strong>NETTOIE ET PURIFIE EN DOUCEUR :<\/strong>\u00a0Elle associe de l\u2019huile de nigelle, reconnue pour ses propri\u00e9t\u00e9s purifiantes, \u00e0 un d\u00e9riv\u00e9 d\u2019acide malique k\u00e9rator\u00e9gulateur pour d\u00e9sincruster les pores et r\u00e9duire l\u2019exc\u00e8s de s\u00e9bum.<\/p>\n<p><strong>ELIMINE LE MAQUILLAGE :<\/strong>\u00a0Sa base d\u00e9maquillante douce \u00e0 l\u2019huile de Tournesol s\u2019utilise sur l\u2019ensemble du visage et \u00e9limine le maquillage m\u00eame waterproof.<\/p>\n<p><strong>R\u00c9V\u00c8LE L\u2019ECLAT :<\/strong>\u00a0Enrichie en d\u00e9riv\u00e9 de vitamine E antioxydante, elle illumine le teint au fil des utilisations.<\/p>\n","protected":false},"featured_media":18216,"comment_status":"open","ping_status":"closed","template":"","meta":[],"product_cat":[190,20],"product_tag":[],"class_list":{"0":"post-17955","1":"product","2":"type-product","3":"status-publish","4":"has-post-thumbnail","6":"product_cat-autres-corps","7":"product_cat-corps","9":"first","10":"instock","11":"taxable","12":"shipping-taxable","13":"purchasable","14":"product-type-simple"},"_links":{"self":[{"href":"https:\/\/brumcosmetique.com\/index.php?rest_route=\/wp\/v2\/product\/17955","targetHints":{"allow":["GET"]}}],"collection":[{"href":"https:\/\/brumcosmetique.com\/index.php?rest_route=\/wp\/v2\/product"}],"about":[{"href":"https:\/\/brumcosmetique.com\/index.php?rest_route=\/wp\/v2\/types\/product"}],"replies":[{"embeddable":true,"href":"https:\/\/brumcosmetique.com\/index.php?rest_route=%2Fwp%2Fv2%2Fcomments&post=17955"}],"version-history":[{"count":1,"href":"https:\/\/brumcosmetique.com\/index.php?rest_route=\/wp\/v2\/product\/17955\/revisions"}],"predecessor-version":[{"id":17956,"href":"https:\/\/brumcosmetique.com\/index.php?rest_route=\/wp\/v2\/product\/17955\/revisions\/17956"}],"wp:featuredmedia":[{"embeddable":true,"href":"https:\/\/brumcosmetique.com\/index.php?rest_route=\/wp\/v2\/media\/18216"}],"wp:attachment":[{"href":"https:\/\/brumcosmetique.com\/index.php?rest_route=%2Fwp%2Fv2%2Fmedia&parent=17955"}],"wp:term":[{"taxonomy":"product_cat","embeddable":true,"href":"https:\/\/brumcosmetique.com\/index.php?rest_route=%2Fwp%2Fv2%2Fproduct_cat&post=17955"},{"taxonomy":"product_tag","embeddable":true,"href":"https:\/\/brumcosmetique.com\/index.php?rest_route=%2Fwp%2Fv2%2Fproduct_tag&post=17955"}],"curies":[{"name":"wp","href":"https:\/\/api.w.org\/{rel}","templated":true}]}}