{"id":18116,"date":"2024-09-16T19:23:56","date_gmt":"2024-09-16T17:23:56","guid":{"rendered":"https:\/\/brumcosmetique.com\/?post_type=product&#038;p=18116"},"modified":"2025-10-08T15:41:24","modified_gmt":"2025-10-08T13:41:24","slug":"lipikar-gel-lavant-la-roche-posay-1litre","status":"publish","type":"product","link":"https:\/\/brumcosmetique.com\/?product=lipikar-gel-lavant-la-roche-posay-1litre","title":{"rendered":"Lipikar Gel Lavant La Roche-Posay 1Litre"},"content":{"rendered":"<p>Ce gel lavant convient aux peaux normales, peaux s\u00e8ches et peaux sensibles et atopiques (psoriasis, dermatite atopique&#8230;). Il lave en douceur la peau et les zones intimes des adultes et des enfants, ainsi que la peau et le cuir chevelu des nourrissons.<\/p>\n","protected":false},"excerpt":{"rendered":"<p>Le gel lavant Lipikar est un gel douche con\u00e7u pour les peaux sensibles \u00e0 tendance atopique. Il contient des agents nettoyants tr\u00e8s doux pour laver sans agresser l&rsquo;\u00e9piderme, ainsi que du beurre de karit\u00e9 et de la niacinamide pour nourrir, apaiser et pr\u00e9server la peau du dess\u00e8chement cutan\u00e9.<\/p>\n","protected":false},"featured_media":18113,"comment_status":"open","ping_status":"closed","template":"","meta":[],"product_cat":[20,122],"product_tag":[],"class_list":{"0":"post-18116","1":"product","2":"type-product","3":"status-publish","4":"has-post-thumbnail","6":"product_cat-corps","7":"product_cat-gels-douche","9":"first","10":"instock","11":"taxable","12":"shipping-taxable","13":"purchasable","14":"product-type-simple"},"_links":{"self":[{"href":"https:\/\/brumcosmetique.com\/index.php?rest_route=\/wp\/v2\/product\/18116","targetHints":{"allow":["GET"]}}],"collection":[{"href":"https:\/\/brumcosmetique.com\/index.php?rest_route=\/wp\/v2\/product"}],"about":[{"href":"https:\/\/brumcosmetique.com\/index.php?rest_route=\/wp\/v2\/types\/product"}],"replies":[{"embeddable":true,"href":"https:\/\/brumcosmetique.com\/index.php?rest_route=%2Fwp%2Fv2%2Fcomments&post=18116"}],"version-history":[{"count":1,"href":"https:\/\/brumcosmetique.com\/index.php?rest_route=\/wp\/v2\/product\/18116\/revisions"}],"predecessor-version":[{"id":18117,"href":"https:\/\/brumcosmetique.com\/index.php?rest_route=\/wp\/v2\/product\/18116\/revisions\/18117"}],"wp:featuredmedia":[{"embeddable":true,"href":"https:\/\/brumcosmetique.com\/index.php?rest_route=\/wp\/v2\/media\/18113"}],"wp:attachment":[{"href":"https:\/\/brumcosmetique.com\/index.php?rest_route=%2Fwp%2Fv2%2Fmedia&parent=18116"}],"wp:term":[{"taxonomy":"product_cat","embeddable":true,"href":"https:\/\/brumcosmetique.com\/index.php?rest_route=%2Fwp%2Fv2%2Fproduct_cat&post=18116"},{"taxonomy":"product_tag","embeddable":true,"href":"https:\/\/brumcosmetique.com\/index.php?rest_route=%2Fwp%2Fv2%2Fproduct_tag&post=18116"}],"curies":[{"name":"wp","href":"https:\/\/api.w.org\/{rel}","templated":true}]}}