{"id":18118,"date":"2024-09-16T19:40:48","date_gmt":"2024-09-16T17:40:48","guid":{"rendered":"https:\/\/brumcosmetique.com\/?post_type=product&#038;p=18118"},"modified":"2026-01-24T21:40:44","modified_gmt":"2026-01-24T20:40:44","slug":"eau-micellaire-ultra-la-roche-posay-400ml-2","status":"publish","type":"product","link":"https:\/\/brumcosmetique.com\/?product=eau-micellaire-ultra-la-roche-posay-400ml-2","title":{"rendered":"Eau Micellaire Ultra La Roche-Posay 400ml"},"content":{"rendered":"<p>Peaux sensibles<br \/>\nLes peaux sensibles n&rsquo;ont plus \u00e0 choisir entre tol\u00e9rance et efficacit\u00e9 pour leur d\u00e9maquillage !<\/p>\n","protected":false},"excerpt":{"rendered":"<p>ULTRA-EFFICACE : \u00c9limine 98% du fond de teint, avec 1 seul coton !*<br \/>\nULTRA-APAISANT : Enrichie en glyc\u00e9rine hydratante pour plus d&rsquo;hydratation et moins de frottements \u00e0 l&rsquo;application.<br \/>\nULTRA-TOL\u00c9RANCE : Test\u00e9e sous contr\u00f4le dermatologique et ophtalmologique sur les peaux sensibles. Parfum physiologique.<\/p>\n","protected":false},"featured_media":18112,"comment_status":"open","ping_status":"closed","template":"","meta":[],"product_cat":[175,32],"product_tag":[],"class_list":{"0":"post-18118","1":"product","2":"type-product","3":"status-publish","4":"has-post-thumbnail","6":"product_cat-eaux-micellaires","7":"product_cat-visage","9":"first","10":"instock","11":"taxable","12":"shipping-taxable","13":"purchasable","14":"product-type-simple"},"_links":{"self":[{"href":"https:\/\/brumcosmetique.com\/index.php?rest_route=\/wp\/v2\/product\/18118","targetHints":{"allow":["GET"]}}],"collection":[{"href":"https:\/\/brumcosmetique.com\/index.php?rest_route=\/wp\/v2\/product"}],"about":[{"href":"https:\/\/brumcosmetique.com\/index.php?rest_route=\/wp\/v2\/types\/product"}],"replies":[{"embeddable":true,"href":"https:\/\/brumcosmetique.com\/index.php?rest_route=%2Fwp%2Fv2%2Fcomments&post=18118"}],"version-history":[{"count":1,"href":"https:\/\/brumcosmetique.com\/index.php?rest_route=\/wp\/v2\/product\/18118\/revisions"}],"predecessor-version":[{"id":18119,"href":"https:\/\/brumcosmetique.com\/index.php?rest_route=\/wp\/v2\/product\/18118\/revisions\/18119"}],"wp:featuredmedia":[{"embeddable":true,"href":"https:\/\/brumcosmetique.com\/index.php?rest_route=\/wp\/v2\/media\/18112"}],"wp:attachment":[{"href":"https:\/\/brumcosmetique.com\/index.php?rest_route=%2Fwp%2Fv2%2Fmedia&parent=18118"}],"wp:term":[{"taxonomy":"product_cat","embeddable":true,"href":"https:\/\/brumcosmetique.com\/index.php?rest_route=%2Fwp%2Fv2%2Fproduct_cat&post=18118"},{"taxonomy":"product_tag","embeddable":true,"href":"https:\/\/brumcosmetique.com\/index.php?rest_route=%2Fwp%2Fv2%2Fproduct_tag&post=18118"}],"curies":[{"name":"wp","href":"https:\/\/api.w.org\/{rel}","templated":true}]}}