{"id":18122,"date":"2024-09-16T20:01:09","date_gmt":"2024-09-16T18:01:09","guid":{"rendered":"https:\/\/brumcosmetique.com\/?post_type=product&#038;p=18122"},"modified":"2026-05-12T13:21:47","modified_gmt":"2026-05-12T11:21:47","slug":"lait-de-corps-lipikar-la-roche-posay-400ml","status":"publish","type":"product","link":"https:\/\/brumcosmetique.com\/?product=lait-de-corps-lipikar-la-roche-posay-400ml","title":{"rendered":"Lait de Corps Lipikar La Roche-Posay 400ml"},"content":{"rendered":"<p>INDICATION<br \/>\nLe lait corps hydratant Lipikar convient aux peaux s\u00e8ches et sensibles du b\u00e9b\u00e9, de l&rsquo;enfant et de l&rsquo;adulte.<\/p>\n","protected":false},"excerpt":{"rendered":"<p>Lipikar lait est un lait hydratant corps con\u00e7u pour les peaux s\u00e8ches et sensibles de toute la famille. Enrichi en cold cream, beurre de karit\u00e9 et eau thermale La Roche-Posay, ce lait corps hydrate intens\u00e9ment, nourrit, relipide et apaise la peau, et pr\u00e9serve de la s\u00e9cheresse cutan\u00e9e. Les sensations de picotements et de tiraillements sont imm\u00e9diatement att\u00e9nu\u00e9es. La peau est souple, confortable et durablement prot\u00e9g\u00e9e.<\/p>\n","protected":false},"featured_media":19527,"comment_status":"open","ping_status":"closed","template":"","meta":[],"product_cat":[20,121],"product_tag":[],"class_list":{"0":"post-18122","1":"product","2":"type-product","3":"status-publish","4":"has-post-thumbnail","6":"product_cat-corps","7":"product_cat-laits-de-corps","9":"first","10":"instock","11":"taxable","12":"shipping-taxable","13":"purchasable","14":"product-type-simple"},"_links":{"self":[{"href":"https:\/\/brumcosmetique.com\/index.php?rest_route=\/wp\/v2\/product\/18122","targetHints":{"allow":["GET"]}}],"collection":[{"href":"https:\/\/brumcosmetique.com\/index.php?rest_route=\/wp\/v2\/product"}],"about":[{"href":"https:\/\/brumcosmetique.com\/index.php?rest_route=\/wp\/v2\/types\/product"}],"replies":[{"embeddable":true,"href":"https:\/\/brumcosmetique.com\/index.php?rest_route=%2Fwp%2Fv2%2Fcomments&post=18122"}],"version-history":[{"count":1,"href":"https:\/\/brumcosmetique.com\/index.php?rest_route=\/wp\/v2\/product\/18122\/revisions"}],"predecessor-version":[{"id":18123,"href":"https:\/\/brumcosmetique.com\/index.php?rest_route=\/wp\/v2\/product\/18122\/revisions\/18123"}],"wp:featuredmedia":[{"embeddable":true,"href":"https:\/\/brumcosmetique.com\/index.php?rest_route=\/wp\/v2\/media\/19527"}],"wp:attachment":[{"href":"https:\/\/brumcosmetique.com\/index.php?rest_route=%2Fwp%2Fv2%2Fmedia&parent=18122"}],"wp:term":[{"taxonomy":"product_cat","embeddable":true,"href":"https:\/\/brumcosmetique.com\/index.php?rest_route=%2Fwp%2Fv2%2Fproduct_cat&post=18122"},{"taxonomy":"product_tag","embeddable":true,"href":"https:\/\/brumcosmetique.com\/index.php?rest_route=%2Fwp%2Fv2%2Fproduct_tag&post=18122"}],"curies":[{"name":"wp","href":"https:\/\/api.w.org\/{rel}","templated":true}]}}