{"id":18306,"date":"2024-10-15T07:38:05","date_gmt":"2024-10-15T05:38:05","guid":{"rendered":"https:\/\/brumcosmetique.com\/?post_type=product&#038;p=18306"},"modified":"2025-09-12T12:26:59","modified_gmt":"2025-09-12T10:26:59","slug":"eau-micellaire-sans-parfum-cerave-295ml","status":"publish","type":"product","link":"https:\/\/brumcosmetique.com\/?product=eau-micellaire-sans-parfum-cerave-295ml","title":{"rendered":"Eau Micellaire Sans parfum CeraVe 295ml"},"content":{"rendered":"<p>Enrichie aux 3 c\u00e9ramides essentiels, \u00e0 la niacinamide et \u00e0 la glyc\u00e9rine, elle hydrate, adoucit et apaise la peau. D\u00e9velopp\u00e9e avec des dermatologues et selon une charte de formulation stricte, cette formule est respectueuse de la peau avec un pH physiologique, sans parfum, hypoallerg\u00e9nique et non-com\u00e9dog\u00e8ne.<\/p>\n<p>Test\u00e9e sous contr\u00f4le ophtalmologique, elle convient m\u00eame aux yeux les plus sensibles.<\/p>\n","protected":false},"excerpt":{"rendered":"<p>L&rsquo;Eau Micellaire de CeraVe est un produit 3-en-1 qui nettoie, d\u00e9maquille et hydrate les peaux normales \u00e0 s\u00e8ches, sans alt\u00e9rer la barri\u00e8re cutan\u00e9e. Elle nettoie la peau en douceur et \u00e9limine les impuret\u00e9s, la pollution et le maquillage du visage, des yeux et du cou.<\/p>\n","protected":false},"featured_media":18288,"comment_status":"open","ping_status":"closed","template":"","meta":[],"product_cat":[175,32],"product_tag":[],"class_list":{"0":"post-18306","1":"product","2":"type-product","3":"status-publish","4":"has-post-thumbnail","6":"product_cat-eaux-micellaires","7":"product_cat-visage","9":"first","10":"instock","11":"taxable","12":"shipping-taxable","13":"purchasable","14":"product-type-simple"},"_links":{"self":[{"href":"https:\/\/brumcosmetique.com\/index.php?rest_route=\/wp\/v2\/product\/18306","targetHints":{"allow":["GET"]}}],"collection":[{"href":"https:\/\/brumcosmetique.com\/index.php?rest_route=\/wp\/v2\/product"}],"about":[{"href":"https:\/\/brumcosmetique.com\/index.php?rest_route=\/wp\/v2\/types\/product"}],"replies":[{"embeddable":true,"href":"https:\/\/brumcosmetique.com\/index.php?rest_route=%2Fwp%2Fv2%2Fcomments&post=18306"}],"version-history":[{"count":1,"href":"https:\/\/brumcosmetique.com\/index.php?rest_route=\/wp\/v2\/product\/18306\/revisions"}],"predecessor-version":[{"id":18307,"href":"https:\/\/brumcosmetique.com\/index.php?rest_route=\/wp\/v2\/product\/18306\/revisions\/18307"}],"wp:featuredmedia":[{"embeddable":true,"href":"https:\/\/brumcosmetique.com\/index.php?rest_route=\/wp\/v2\/media\/18288"}],"wp:attachment":[{"href":"https:\/\/brumcosmetique.com\/index.php?rest_route=%2Fwp%2Fv2%2Fmedia&parent=18306"}],"wp:term":[{"taxonomy":"product_cat","embeddable":true,"href":"https:\/\/brumcosmetique.com\/index.php?rest_route=%2Fwp%2Fv2%2Fproduct_cat&post=18306"},{"taxonomy":"product_tag","embeddable":true,"href":"https:\/\/brumcosmetique.com\/index.php?rest_route=%2Fwp%2Fv2%2Fproduct_tag&post=18306"}],"curies":[{"name":"wp","href":"https:\/\/api.w.org\/{rel}","templated":true}]}}