{"id":18308,"date":"2024-10-15T07:42:37","date_gmt":"2024-10-15T05:42:37","guid":{"rendered":"https:\/\/brumcosmetique.com\/?post_type=product&#038;p=18308"},"modified":"2025-05-14T11:50:18","modified_gmt":"2025-05-14T09:50:18","slug":"soin-matifiant-exfoliac-mat-pore-noreva-50ml","status":"publish","type":"product","link":"https:\/\/brumcosmetique.com\/?product=soin-matifiant-exfoliac-mat-pore-noreva-50ml","title":{"rendered":"Soin Matifiant Exfoliac Mat &amp; Pore Noreva 50ml"},"content":{"rendered":"<p>Une efficacit\u00e9 test\u00e9e sur les peaux \u00e0 imperfections :<br \/>\n90% peau plus lisse<br \/>\n86% resserre les pores<br \/>\n81% peau matifi\u00e9e<br \/>\nAuto-\u00e9valuation, 21 volontaires<\/p>\n","protected":false},"excerpt":{"rendered":"<p>Les peaux \u00e0 imperfections sont g\u00e9n\u00e9ralement touch\u00e9es par une hypers\u00e9borrh\u00e9e et des pores disgracieux, notamment sur la zone T.<\/p>\n<p>Exfoliac\u00ae Mat &amp; Pore, une formule novatrice pour resserrer les pores, lisser et matifier la peau en un seul geste. Son effet peeling doux permet de purifier la peau et de favoriser le renouvellement cellulaire tout en pr\u00e9servant l\u2019hydratation cutan\u00e9e.<\/p>\n","protected":false},"featured_media":18285,"comment_status":"open","ping_status":"closed","template":"","meta":[],"product_cat":[143,32],"product_tag":[],"class_list":{"0":"post-18308","1":"product","2":"type-product","3":"status-publish","4":"has-post-thumbnail","6":"product_cat-cremes-de-visage","7":"product_cat-visage","9":"first","10":"outofstock","11":"taxable","12":"shipping-taxable","13":"purchasable","14":"product-type-simple"},"_links":{"self":[{"href":"https:\/\/brumcosmetique.com\/index.php?rest_route=\/wp\/v2\/product\/18308","targetHints":{"allow":["GET"]}}],"collection":[{"href":"https:\/\/brumcosmetique.com\/index.php?rest_route=\/wp\/v2\/product"}],"about":[{"href":"https:\/\/brumcosmetique.com\/index.php?rest_route=\/wp\/v2\/types\/product"}],"replies":[{"embeddable":true,"href":"https:\/\/brumcosmetique.com\/index.php?rest_route=%2Fwp%2Fv2%2Fcomments&post=18308"}],"version-history":[{"count":1,"href":"https:\/\/brumcosmetique.com\/index.php?rest_route=\/wp\/v2\/product\/18308\/revisions"}],"predecessor-version":[{"id":18309,"href":"https:\/\/brumcosmetique.com\/index.php?rest_route=\/wp\/v2\/product\/18308\/revisions\/18309"}],"wp:featuredmedia":[{"embeddable":true,"href":"https:\/\/brumcosmetique.com\/index.php?rest_route=\/wp\/v2\/media\/18285"}],"wp:attachment":[{"href":"https:\/\/brumcosmetique.com\/index.php?rest_route=%2Fwp%2Fv2%2Fmedia&parent=18308"}],"wp:term":[{"taxonomy":"product_cat","embeddable":true,"href":"https:\/\/brumcosmetique.com\/index.php?rest_route=%2Fwp%2Fv2%2Fproduct_cat&post=18308"},{"taxonomy":"product_tag","embeddable":true,"href":"https:\/\/brumcosmetique.com\/index.php?rest_route=%2Fwp%2Fv2%2Fproduct_tag&post=18308"}],"curies":[{"name":"wp","href":"https:\/\/api.w.org\/{rel}","templated":true}]}}