{"id":18310,"date":"2024-10-15T07:47:52","date_gmt":"2024-10-15T05:47:52","guid":{"rendered":"https:\/\/brumcosmetique.com\/?post_type=product&#038;p=18310"},"modified":"2024-11-30T17:55:02","modified_gmt":"2024-11-30T16:55:02","slug":"gommage-purifiant-exfoliac-noreva-50ml","status":"publish","type":"product","link":"https:\/\/brumcosmetique.com\/?product=gommage-purifiant-exfoliac-noreva-50ml","title":{"rendered":"Gommage Purifiant Exfoliac Noreva 50ml"},"content":{"rendered":"<p>Sp\u00e9cifiquement formul\u00e9 pour gommer de mani\u00e8re imm\u00e9diate et prolong\u00e9e les impuret\u00e9s des peaux jeunes \u00e0 imperfections, Exfoliac\u00ae Gommage exfolie en profondeur, purifie durablement et nettoie en douceur l\u2019\u00e9piderme. Gr\u00e2ce \u00e0 ses microbilles exfoliantes, les cellules mortes et les impuret\u00e9s sont \u00e9limin\u00e9es. La peau est nette et purifi\u00e9e, et le visage retrouve douceur et souplesse.<\/p>\n<p>Une efficacit\u00e9 test\u00e9e :<br \/>\n93% peau lisse<br \/>\n93% grain de peau affin\u00e9<\/p>\n","protected":false},"excerpt":{"rendered":"<p>En compl\u00e9ment d\u2019une bonne routine quotidienne, r\u00e9aliser un gommage purifiant de mani\u00e8re hebdomadaire pr\u00e9sente un int\u00e9r\u00eat particulier pour les peaux \u00e0 imperfections.<\/p>\n<p>Un gommage purifiant \u00e0 action m\u00e9canique et \u00e0 la double efficacit\u00e9 :<br \/>\n\u2013 Efficacit\u00e9 imm\u00e9diate pour \u00e9liminer en douceur les cellules mortes et les impuret\u00e9s et d\u00e9sincruster les pores<br \/>\n\u2013 Efficacit\u00e9 prolong\u00e9e pour lisser le grain de peau<\/p>\n","protected":false},"featured_media":18290,"comment_status":"open","ping_status":"closed","template":"","meta":[],"product_cat":[143,32],"product_tag":[],"class_list":{"0":"post-18310","1":"product","2":"type-product","3":"status-publish","4":"has-post-thumbnail","6":"product_cat-cremes-de-visage","7":"product_cat-visage","9":"first","10":"instock","11":"taxable","12":"shipping-taxable","13":"purchasable","14":"product-type-simple"},"_links":{"self":[{"href":"https:\/\/brumcosmetique.com\/index.php?rest_route=\/wp\/v2\/product\/18310","targetHints":{"allow":["GET"]}}],"collection":[{"href":"https:\/\/brumcosmetique.com\/index.php?rest_route=\/wp\/v2\/product"}],"about":[{"href":"https:\/\/brumcosmetique.com\/index.php?rest_route=\/wp\/v2\/types\/product"}],"replies":[{"embeddable":true,"href":"https:\/\/brumcosmetique.com\/index.php?rest_route=%2Fwp%2Fv2%2Fcomments&post=18310"}],"version-history":[{"count":1,"href":"https:\/\/brumcosmetique.com\/index.php?rest_route=\/wp\/v2\/product\/18310\/revisions"}],"predecessor-version":[{"id":18311,"href":"https:\/\/brumcosmetique.com\/index.php?rest_route=\/wp\/v2\/product\/18310\/revisions\/18311"}],"wp:featuredmedia":[{"embeddable":true,"href":"https:\/\/brumcosmetique.com\/index.php?rest_route=\/wp\/v2\/media\/18290"}],"wp:attachment":[{"href":"https:\/\/brumcosmetique.com\/index.php?rest_route=%2Fwp%2Fv2%2Fmedia&parent=18310"}],"wp:term":[{"taxonomy":"product_cat","embeddable":true,"href":"https:\/\/brumcosmetique.com\/index.php?rest_route=%2Fwp%2Fv2%2Fproduct_cat&post=18310"},{"taxonomy":"product_tag","embeddable":true,"href":"https:\/\/brumcosmetique.com\/index.php?rest_route=%2Fwp%2Fv2%2Fproduct_tag&post=18310"}],"curies":[{"name":"wp","href":"https:\/\/api.w.org\/{rel}","templated":true}]}}