{"id":18312,"date":"2024-10-15T07:50:39","date_gmt":"2024-10-15T05:50:39","guid":{"rendered":"https:\/\/brumcosmetique.com\/?post_type=product&#038;p=18312"},"modified":"2025-09-11T22:59:54","modified_gmt":"2025-09-11T20:59:54","slug":"soin-anti-imperfections-exfoliac-nc-gel-noreva-50ml","status":"publish","type":"product","link":"https:\/\/brumcosmetique.com\/?product=soin-anti-imperfections-exfoliac-nc-gel-noreva-50ml","title":{"rendered":"Soin Anti-Imperfections Exfoliac NC Gel Noreva 50ml"},"content":{"rendered":"<p>Appliquez localement sur l&rsquo;imperfection \u00e0 traiter. Evitez le contours des yeux.<br \/>\nRenouvelez plusieurs fois par jour si n\u00e9cessaire.<\/p>\n","protected":false},"excerpt":{"rendered":"<p>Un soin adapt\u00e9 aux zones inflamm\u00e9es. Sa formule riche en Niacinamide(NC), Vitamine PP et magn\u00e9sium aide \u00e0 lutter durablement contre l&rsquo;apparition des imperfections et favorise leur \u00e9limination.<br \/>\nTexture fluide, non grasse, facile et agr\u00e9able \u00e0 utiliser.<\/p>\n","protected":false},"featured_media":18286,"comment_status":"open","ping_status":"closed","template":"","meta":[],"product_cat":[143,32],"product_tag":[],"class_list":{"0":"post-18312","1":"product","2":"type-product","3":"status-publish","4":"has-post-thumbnail","6":"product_cat-cremes-de-visage","7":"product_cat-visage","9":"first","10":"instock","11":"taxable","12":"shipping-taxable","13":"purchasable","14":"product-type-simple"},"_links":{"self":[{"href":"https:\/\/brumcosmetique.com\/index.php?rest_route=\/wp\/v2\/product\/18312","targetHints":{"allow":["GET"]}}],"collection":[{"href":"https:\/\/brumcosmetique.com\/index.php?rest_route=\/wp\/v2\/product"}],"about":[{"href":"https:\/\/brumcosmetique.com\/index.php?rest_route=\/wp\/v2\/types\/product"}],"replies":[{"embeddable":true,"href":"https:\/\/brumcosmetique.com\/index.php?rest_route=%2Fwp%2Fv2%2Fcomments&post=18312"}],"version-history":[{"count":1,"href":"https:\/\/brumcosmetique.com\/index.php?rest_route=\/wp\/v2\/product\/18312\/revisions"}],"predecessor-version":[{"id":18313,"href":"https:\/\/brumcosmetique.com\/index.php?rest_route=\/wp\/v2\/product\/18312\/revisions\/18313"}],"wp:featuredmedia":[{"embeddable":true,"href":"https:\/\/brumcosmetique.com\/index.php?rest_route=\/wp\/v2\/media\/18286"}],"wp:attachment":[{"href":"https:\/\/brumcosmetique.com\/index.php?rest_route=%2Fwp%2Fv2%2Fmedia&parent=18312"}],"wp:term":[{"taxonomy":"product_cat","embeddable":true,"href":"https:\/\/brumcosmetique.com\/index.php?rest_route=%2Fwp%2Fv2%2Fproduct_cat&post=18312"},{"taxonomy":"product_tag","embeddable":true,"href":"https:\/\/brumcosmetique.com\/index.php?rest_route=%2Fwp%2Fv2%2Fproduct_tag&post=18312"}],"curies":[{"name":"wp","href":"https:\/\/api.w.org\/{rel}","templated":true}]}}