{"id":18314,"date":"2024-10-15T07:57:22","date_gmt":"2024-10-15T05:57:22","guid":{"rendered":"https:\/\/brumcosmetique.com\/?post_type=product&#038;p=18314"},"modified":"2025-05-14T11:52:22","modified_gmt":"2025-05-14T09:52:22","slug":"soin-correcteur-exfoliac-acnomega-200-gel-noreva-50ml","status":"publish","type":"product","link":"https:\/\/brumcosmetique.com\/?product=soin-correcteur-exfoliac-acnomega-200-gel-noreva-50ml","title":{"rendered":"Soin Correcteur Exfoliac Acnomega 200 Gel Noreva 50ml"},"content":{"rendered":"<p>Bonne base de maquillage<br \/>\nMicro-\u00e9ponges matifiantes<br \/>\nFormule triple action : AHA + BHA + \u03a9HA<\/p>\n","protected":false},"excerpt":{"rendered":"<p>LISSE &#8211; AFFINE LE GRAIN DE PEAU &#8211; MATIFIE<\/p>\n<p>Sp\u00e9cialement formul\u00e9 pour les peaux \u00e0 imperfections mod\u00e9r\u00e9es \u00e0 s\u00e9v\u00e8res, Exfoliac\u00ae Acnom\u00e9ga 200 Soin k\u00e9rator\u00e9gulateur matifiant d\u00e9sobstrue les pores et gomme les imperfections. Il agit au niveau des couches superficielles et plus profondes de l\u2019\u00e9piderme, permet une action k\u00e9rato-active majeure et un effet s\u00e9bor\u00e9gulateur et antibact\u00e9rien. La peau redevient lisse, nette et matifi\u00e9e<\/p>\n","protected":false},"featured_media":18289,"comment_status":"open","ping_status":"closed","template":"","meta":[],"product_cat":[143,32],"product_tag":[],"class_list":{"0":"post-18314","1":"product","2":"type-product","3":"status-publish","4":"has-post-thumbnail","6":"product_cat-cremes-de-visage","7":"product_cat-visage","9":"first","10":"outofstock","11":"taxable","12":"shipping-taxable","13":"purchasable","14":"product-type-simple"},"_links":{"self":[{"href":"https:\/\/brumcosmetique.com\/index.php?rest_route=\/wp\/v2\/product\/18314","targetHints":{"allow":["GET"]}}],"collection":[{"href":"https:\/\/brumcosmetique.com\/index.php?rest_route=\/wp\/v2\/product"}],"about":[{"href":"https:\/\/brumcosmetique.com\/index.php?rest_route=\/wp\/v2\/types\/product"}],"replies":[{"embeddable":true,"href":"https:\/\/brumcosmetique.com\/index.php?rest_route=%2Fwp%2Fv2%2Fcomments&post=18314"}],"version-history":[{"count":1,"href":"https:\/\/brumcosmetique.com\/index.php?rest_route=\/wp\/v2\/product\/18314\/revisions"}],"predecessor-version":[{"id":18315,"href":"https:\/\/brumcosmetique.com\/index.php?rest_route=\/wp\/v2\/product\/18314\/revisions\/18315"}],"wp:featuredmedia":[{"embeddable":true,"href":"https:\/\/brumcosmetique.com\/index.php?rest_route=\/wp\/v2\/media\/18289"}],"wp:attachment":[{"href":"https:\/\/brumcosmetique.com\/index.php?rest_route=%2Fwp%2Fv2%2Fmedia&parent=18314"}],"wp:term":[{"taxonomy":"product_cat","embeddable":true,"href":"https:\/\/brumcosmetique.com\/index.php?rest_route=%2Fwp%2Fv2%2Fproduct_cat&post=18314"},{"taxonomy":"product_tag","embeddable":true,"href":"https:\/\/brumcosmetique.com\/index.php?rest_route=%2Fwp%2Fv2%2Fproduct_tag&post=18314"}],"curies":[{"name":"wp","href":"https:\/\/api.w.org\/{rel}","templated":true}]}}