{"id":18316,"date":"2024-10-15T08:04:28","date_gmt":"2024-10-15T06:04:28","guid":{"rendered":"https:\/\/brumcosmetique.com\/?post_type=product&#038;p=18316"},"modified":"2025-09-11T22:45:05","modified_gmt":"2025-09-11T20:45:05","slug":"masque-gommant-hyseac-uriage-100ml","status":"publish","type":"product","link":"https:\/\/brumcosmetique.com\/?product=masque-gommant-hyseac-uriage-100ml","title":{"rendered":"Masque Purifiant Peel-Off Hys\u00e9ac Uriage 50ml"},"content":{"rendered":"<p>Instantan\u00e9ment, le grain de peau est affin\u00e9 et la peau matifi\u00e9e. La peau est plus nette et les pores sont resserr\u00e9s.<\/p>\n","protected":false},"excerpt":{"rendered":"<p>Le Masque purifiant peel-off HYS\u00c9AC purifie, resserre les pores et matifie la peau. Il absorbe les impuret\u00e9s et r\u00e9duit les imperfections. Sa texture \u00ab\u00a0peel-off\u00a0\u00bb se retire comme une seconde peau. Sans rin\u00e7age. Test\u00e9 sur peaux \u00e0 tendance acn\u00e9ique sous contr\u00f4le dermatologique. Non com\u00e9dog\u00e8ne.<\/p>\n","protected":false},"featured_media":18294,"comment_status":"open","ping_status":"closed","template":"","meta":[],"product_cat":[143,32],"product_tag":[],"class_list":{"0":"post-18316","1":"product","2":"type-product","3":"status-publish","4":"has-post-thumbnail","6":"product_cat-cremes-de-visage","7":"product_cat-visage","9":"first","10":"instock","11":"sale","12":"taxable","13":"shipping-taxable","14":"purchasable","15":"product-type-simple"},"_links":{"self":[{"href":"https:\/\/brumcosmetique.com\/index.php?rest_route=\/wp\/v2\/product\/18316","targetHints":{"allow":["GET"]}}],"collection":[{"href":"https:\/\/brumcosmetique.com\/index.php?rest_route=\/wp\/v2\/product"}],"about":[{"href":"https:\/\/brumcosmetique.com\/index.php?rest_route=\/wp\/v2\/types\/product"}],"replies":[{"embeddable":true,"href":"https:\/\/brumcosmetique.com\/index.php?rest_route=%2Fwp%2Fv2%2Fcomments&post=18316"}],"version-history":[{"count":3,"href":"https:\/\/brumcosmetique.com\/index.php?rest_route=\/wp\/v2\/product\/18316\/revisions"}],"predecessor-version":[{"id":18319,"href":"https:\/\/brumcosmetique.com\/index.php?rest_route=\/wp\/v2\/product\/18316\/revisions\/18319"}],"wp:featuredmedia":[{"embeddable":true,"href":"https:\/\/brumcosmetique.com\/index.php?rest_route=\/wp\/v2\/media\/18294"}],"wp:attachment":[{"href":"https:\/\/brumcosmetique.com\/index.php?rest_route=%2Fwp%2Fv2%2Fmedia&parent=18316"}],"wp:term":[{"taxonomy":"product_cat","embeddable":true,"href":"https:\/\/brumcosmetique.com\/index.php?rest_route=%2Fwp%2Fv2%2Fproduct_cat&post=18316"},{"taxonomy":"product_tag","embeddable":true,"href":"https:\/\/brumcosmetique.com\/index.php?rest_route=%2Fwp%2Fv2%2Fproduct_tag&post=18316"}],"curies":[{"name":"wp","href":"https:\/\/api.w.org\/{rel}","templated":true}]}}