{"id":18356,"date":"2024-10-29T13:14:52","date_gmt":"2024-10-29T12:14:52","guid":{"rendered":"https:\/\/brumcosmetique.com\/?post_type=product&#038;p=18356"},"modified":"2025-07-07T15:11:10","modified_gmt":"2025-07-07T13:11:10","slug":"lait-xerial-10-svr-400ml","status":"publish","type":"product","link":"https:\/\/brumcosmetique.com\/?product=lait-xerial-10-svr-400ml","title":{"rendered":"Lait Xerial 10 SVR 400ml"},"content":{"rendered":"<p>FORMUL\u00c9 POUR<br \/>\nToutes les peaux s\u00e8ches, rugueuses et squameuses, peau de croco, peau craquel\u00e9e<\/p>\n<p>TEXTURE FRAICHE<br \/>\nSa texture fraiche associ\u00e9e au panth\u00e9nol apaise les sensations de tiraillements et de d\u00e9mangeaisons. Enrichi en huiles et beurre v\u00e9g\u00e9taux, ce lait s\u2019applique facilement et enveloppe la peau sans laisser de fini collant.<\/p>\n<p>HYDRATATION 48H**<br \/>\nMesures corn\u00e9om\u00e9triques, 11 volontaires<\/p>\n<p>TESTE SOUS CONTROLE DERMATOLOGIQUE<br \/>\nTest\u00e9 cliniquement sur peaux sensibles tr\u00e8s s\u00e8ches squameuses et sur de la x\u00e9rose s\u00e9nileSous l\u2019avis d\u2019un professionnel de sant\u00e9, peut s\u2019utiliser en compl\u00e9ment d\u2019un traitement dess\u00e9chant.<\/p>\n","protected":false},"excerpt":{"rendered":"<p>Peau craquel\u00e9e ? Peau de croco ? Xerial 10 Lait est votre meilleur alli\u00e9 pour \u00e9liminer squames, rugosit\u00e9s, et inconforts. Sa technologie brevet\u00e9e* contenant 10% d\u2019ur\u00e9e Pure brevet\u00e9e lisse la peau d\u00e8s la 1\u00e8re utilisation. Sa texture fra\u00eeche associ\u00e9e au panth\u00e9nol apaise les sensations de tiraillements et de d\u00e9mangeaisons pour une peau intens\u00e9ment hydrat\u00e9e pendant 48h**.Riche en beurre de karit\u00e9 et huile de coco, il enveloppe votre peau de douceur sans fini collant !*Brevet d\u00e9pos\u00e9 N\u00b0FR-09 56 26**Mesures corn\u00e9om\u00e9triques, 11 volontaires<\/p>\n","protected":false},"featured_media":18350,"comment_status":"open","ping_status":"closed","template":"","meta":[],"product_cat":[20,121],"product_tag":[],"class_list":{"0":"post-18356","1":"product","2":"type-product","3":"status-publish","4":"has-post-thumbnail","6":"product_cat-corps","7":"product_cat-laits-de-corps","9":"first","10":"outofstock","11":"taxable","12":"shipping-taxable","13":"purchasable","14":"product-type-simple"},"_links":{"self":[{"href":"https:\/\/brumcosmetique.com\/index.php?rest_route=\/wp\/v2\/product\/18356","targetHints":{"allow":["GET"]}}],"collection":[{"href":"https:\/\/brumcosmetique.com\/index.php?rest_route=\/wp\/v2\/product"}],"about":[{"href":"https:\/\/brumcosmetique.com\/index.php?rest_route=\/wp\/v2\/types\/product"}],"replies":[{"embeddable":true,"href":"https:\/\/brumcosmetique.com\/index.php?rest_route=%2Fwp%2Fv2%2Fcomments&post=18356"}],"version-history":[{"count":1,"href":"https:\/\/brumcosmetique.com\/index.php?rest_route=\/wp\/v2\/product\/18356\/revisions"}],"predecessor-version":[{"id":18357,"href":"https:\/\/brumcosmetique.com\/index.php?rest_route=\/wp\/v2\/product\/18356\/revisions\/18357"}],"wp:featuredmedia":[{"embeddable":true,"href":"https:\/\/brumcosmetique.com\/index.php?rest_route=\/wp\/v2\/media\/18350"}],"wp:attachment":[{"href":"https:\/\/brumcosmetique.com\/index.php?rest_route=%2Fwp%2Fv2%2Fmedia&parent=18356"}],"wp:term":[{"taxonomy":"product_cat","embeddable":true,"href":"https:\/\/brumcosmetique.com\/index.php?rest_route=%2Fwp%2Fv2%2Fproduct_cat&post=18356"},{"taxonomy":"product_tag","embeddable":true,"href":"https:\/\/brumcosmetique.com\/index.php?rest_route=%2Fwp%2Fv2%2Fproduct_tag&post=18356"}],"curies":[{"name":"wp","href":"https:\/\/api.w.org\/{rel}","templated":true}]}}