{"id":18362,"date":"2024-10-29T13:43:09","date_gmt":"2024-10-29T12:43:09","guid":{"rendered":"https:\/\/brumcosmetique.com\/?post_type=product&#038;p=18362"},"modified":"2026-02-11T12:38:26","modified_gmt":"2026-02-11T11:38:26","slug":"nettoyant-de-visage-cetaphil-237ml","status":"publish","type":"product","link":"https:\/\/brumcosmetique.com\/?product=nettoyant-de-visage-cetaphil-237ml","title":{"rendered":"Nettoyant de visage Cetaphil 237ml"},"content":{"rendered":"<p>Nettoyer la peau matin et soir avec un nettoyant doux.<\/p>\n<p>Appliquer ensuite une cr\u00e8me pour le visage afin de pr\u00e9server l&rsquo;hydratation.<\/p>\n<p>Appliquez une cr\u00e8me hydratante le soir pour aider votre peau \u00e0 s&rsquo;hydrater.<\/p>\n","protected":false},"excerpt":{"rendered":"<p>La douce formule gel moussant de Cetaphil Daily Facial Cleanser nettoie la peau en profondeur et r\u00e9duit l&rsquo;apparence des pores. Cliniquement test\u00e9e pour \u00e9liminer la salet\u00e9, l&rsquo;exc\u00e8s de s\u00e9bum et le maquillage sans ass\u00e9cher ni faire tirailler l&rsquo;\u00e9piderme. Ce produit a \u00e9t\u00e9 formul\u00e9 \u00e0 partir d&rsquo;un m\u00e9lange pl\u00e9biscit\u00e9 par les dermatologues de vitamine B3, de provitamine B5 et de glyc\u00e9rine hydratante pour renforcer la barri\u00e8re cutan\u00e9e.<br \/>\nNous avons \u00e9labor\u00e9 Cetaphil en collaboration avec des dermatologues, des scientifiques et des experts afin de prot\u00e9ger l&rsquo;\u00e9piderme des cinq signes de peau sensible : s\u00e9cheresse, irritations, rugosit\u00e9s, tiraillements et barri\u00e8re cutan\u00e9e affaiblie.<\/p>\n","protected":false},"featured_media":18352,"comment_status":"open","ping_status":"closed","template":"","meta":[],"product_cat":[143,32],"product_tag":[],"class_list":{"0":"post-18362","1":"product","2":"type-product","3":"status-publish","4":"has-post-thumbnail","6":"product_cat-cremes-de-visage","7":"product_cat-visage","9":"first","10":"instock","11":"sale","12":"taxable","13":"shipping-taxable","14":"purchasable","15":"product-type-simple"},"_links":{"self":[{"href":"https:\/\/brumcosmetique.com\/index.php?rest_route=\/wp\/v2\/product\/18362","targetHints":{"allow":["GET"]}}],"collection":[{"href":"https:\/\/brumcosmetique.com\/index.php?rest_route=\/wp\/v2\/product"}],"about":[{"href":"https:\/\/brumcosmetique.com\/index.php?rest_route=\/wp\/v2\/types\/product"}],"replies":[{"embeddable":true,"href":"https:\/\/brumcosmetique.com\/index.php?rest_route=%2Fwp%2Fv2%2Fcomments&post=18362"}],"version-history":[{"count":1,"href":"https:\/\/brumcosmetique.com\/index.php?rest_route=\/wp\/v2\/product\/18362\/revisions"}],"predecessor-version":[{"id":18363,"href":"https:\/\/brumcosmetique.com\/index.php?rest_route=\/wp\/v2\/product\/18362\/revisions\/18363"}],"wp:featuredmedia":[{"embeddable":true,"href":"https:\/\/brumcosmetique.com\/index.php?rest_route=\/wp\/v2\/media\/18352"}],"wp:attachment":[{"href":"https:\/\/brumcosmetique.com\/index.php?rest_route=%2Fwp%2Fv2%2Fmedia&parent=18362"}],"wp:term":[{"taxonomy":"product_cat","embeddable":true,"href":"https:\/\/brumcosmetique.com\/index.php?rest_route=%2Fwp%2Fv2%2Fproduct_cat&post=18362"},{"taxonomy":"product_tag","embeddable":true,"href":"https:\/\/brumcosmetique.com\/index.php?rest_route=%2Fwp%2Fv2%2Fproduct_tag&post=18362"}],"curies":[{"name":"wp","href":"https:\/\/api.w.org\/{rel}","templated":true}]}}