{"id":18364,"date":"2024-10-29T13:48:19","date_gmt":"2024-10-29T12:48:19","guid":{"rendered":"https:\/\/brumcosmetique.com\/?post_type=product&#038;p=18364"},"modified":"2025-09-11T17:36:48","modified_gmt":"2025-09-11T15:36:48","slug":"lotion-nettoyant-cetaphil-470ml","status":"publish","type":"product","link":"https:\/\/brumcosmetique.com\/?product=lotion-nettoyant-cetaphil-470ml","title":{"rendered":"Lotion nettoyant Cetaphil 470ml"},"content":{"rendered":"<p>CETAPHIL<br \/>\nLotion nettoyante<br \/>\nVisage et corps<br \/>\nPeaux sensibles<br \/>\nHaute tol\u00e9rance, non com\u00e9dog\u00e8ne<br \/>\nSans savon, sans parfum<br \/>\n470ml<\/p>\n","protected":false},"excerpt":{"rendered":"<p>La lotion nettoyante Cetaphil permet de nettoyer la peau tout en l&rsquo;hydratant.<br \/>\nElle va lisser la peau et la rendre particuli\u00e8rement souple.<br \/>\nLa lotion peut \u00eatre utilis\u00e9e comme d\u00e9maquillant.<br \/>\nSa formule haute tol\u00e9rance est sans savon et sans parfum.<br \/>\nElle est riche en \u00e9mollients et humectants pour apporter \u00e0 la peau tout ce dont elle a besoin.<\/p>\n<p>Convient aux peaux sensibles, fragilis\u00e9es et intol\u00e9rantes.<br \/>\nPour toute la famille.<\/p>\n","protected":false},"featured_media":18351,"comment_status":"open","ping_status":"closed","template":"","meta":[],"product_cat":[20,143,121,32],"product_tag":[],"class_list":{"0":"post-18364","1":"product","2":"type-product","3":"status-publish","4":"has-post-thumbnail","6":"product_cat-corps","7":"product_cat-cremes-de-visage","8":"product_cat-laits-de-corps","9":"product_cat-visage","11":"first","12":"instock","13":"sale","14":"taxable","15":"shipping-taxable","16":"purchasable","17":"product-type-simple"},"_links":{"self":[{"href":"https:\/\/brumcosmetique.com\/index.php?rest_route=\/wp\/v2\/product\/18364","targetHints":{"allow":["GET"]}}],"collection":[{"href":"https:\/\/brumcosmetique.com\/index.php?rest_route=\/wp\/v2\/product"}],"about":[{"href":"https:\/\/brumcosmetique.com\/index.php?rest_route=\/wp\/v2\/types\/product"}],"replies":[{"embeddable":true,"href":"https:\/\/brumcosmetique.com\/index.php?rest_route=%2Fwp%2Fv2%2Fcomments&post=18364"}],"version-history":[{"count":2,"href":"https:\/\/brumcosmetique.com\/index.php?rest_route=\/wp\/v2\/product\/18364\/revisions"}],"predecessor-version":[{"id":18919,"href":"https:\/\/brumcosmetique.com\/index.php?rest_route=\/wp\/v2\/product\/18364\/revisions\/18919"}],"wp:featuredmedia":[{"embeddable":true,"href":"https:\/\/brumcosmetique.com\/index.php?rest_route=\/wp\/v2\/media\/18351"}],"wp:attachment":[{"href":"https:\/\/brumcosmetique.com\/index.php?rest_route=%2Fwp%2Fv2%2Fmedia&parent=18364"}],"wp:term":[{"taxonomy":"product_cat","embeddable":true,"href":"https:\/\/brumcosmetique.com\/index.php?rest_route=%2Fwp%2Fv2%2Fproduct_cat&post=18364"},{"taxonomy":"product_tag","embeddable":true,"href":"https:\/\/brumcosmetique.com\/index.php?rest_route=%2Fwp%2Fv2%2Fproduct_tag&post=18364"}],"curies":[{"name":"wp","href":"https:\/\/api.w.org\/{rel}","templated":true}]}}