{"id":18371,"date":"2024-11-12T22:08:44","date_gmt":"2024-11-12T21:08:44","guid":{"rendered":"https:\/\/brumcosmetique.com\/?post_type=product&#038;p=18371"},"modified":"2025-09-11T22:40:49","modified_gmt":"2025-09-11T20:40:49","slug":"masque-gommant-hyseac-uriage-400ml","status":"publish","type":"product","link":"https:\/\/brumcosmetique.com\/?product=masque-gommant-hyseac-uriage-400ml","title":{"rendered":"Masque gommant Hys\u00e9ac Uriage 400ml"},"content":{"rendered":"<p>Conseils d&rsquo;utilisation<br \/>\nUtilisation : en masque &#8211; laisser agir 2min, puis rincer &#8211; en gommage, sur visage humidifi\u00e9, masser puis rincer.<br \/>\n\u00c9viter le contact avec les yeux.<\/p>\n","protected":false},"excerpt":{"rendered":"<p>Le Masque gommant HYSEAC permet une utilisation 2 en 1 : l\u2019efficacit\u00e9 absorbante d\u2019un masque et l\u2019action exfoliante d\u2019un gommage pour un double effet sur la peau. Ce soin allie plaisir et douceur gr\u00e2ce \u00e0 ses micro-billes qui n\u2019agressent pas la peau. Test\u00e9 sur peaux \u00e0 tendance acn\u00e9ique sous contr\u00f4le dermatologique. Non com\u00e9dog\u00e8ne.<\/p>\n","protected":false},"featured_media":18375,"comment_status":"open","ping_status":"closed","template":"","meta":[],"product_cat":[143,32],"product_tag":[],"class_list":{"0":"post-18371","1":"product","2":"type-product","3":"status-publish","4":"has-post-thumbnail","6":"product_cat-cremes-de-visage","7":"product_cat-visage","9":"first","10":"instock","11":"taxable","12":"shipping-taxable","13":"purchasable","14":"product-type-simple"},"_links":{"self":[{"href":"https:\/\/brumcosmetique.com\/index.php?rest_route=\/wp\/v2\/product\/18371","targetHints":{"allow":["GET"]}}],"collection":[{"href":"https:\/\/brumcosmetique.com\/index.php?rest_route=\/wp\/v2\/product"}],"about":[{"href":"https:\/\/brumcosmetique.com\/index.php?rest_route=\/wp\/v2\/types\/product"}],"replies":[{"embeddable":true,"href":"https:\/\/brumcosmetique.com\/index.php?rest_route=%2Fwp%2Fv2%2Fcomments&post=18371"}],"version-history":[{"count":1,"href":"https:\/\/brumcosmetique.com\/index.php?rest_route=\/wp\/v2\/product\/18371\/revisions"}],"predecessor-version":[{"id":18379,"href":"https:\/\/brumcosmetique.com\/index.php?rest_route=\/wp\/v2\/product\/18371\/revisions\/18379"}],"wp:featuredmedia":[{"embeddable":true,"href":"https:\/\/brumcosmetique.com\/index.php?rest_route=\/wp\/v2\/media\/18375"}],"wp:attachment":[{"href":"https:\/\/brumcosmetique.com\/index.php?rest_route=%2Fwp%2Fv2%2Fmedia&parent=18371"}],"wp:term":[{"taxonomy":"product_cat","embeddable":true,"href":"https:\/\/brumcosmetique.com\/index.php?rest_route=%2Fwp%2Fv2%2Fproduct_cat&post=18371"},{"taxonomy":"product_tag","embeddable":true,"href":"https:\/\/brumcosmetique.com\/index.php?rest_route=%2Fwp%2Fv2%2Fproduct_tag&post=18371"}],"curies":[{"name":"wp","href":"https:\/\/api.w.org\/{rel}","templated":true}]}}