{"id":18384,"date":"2024-11-12T22:35:01","date_gmt":"2024-11-12T21:35:01","guid":{"rendered":"https:\/\/brumcosmetique.com\/?post_type=product&#038;p=18384"},"modified":"2026-03-16T19:07:13","modified_gmt":"2026-03-16T18:07:13","slug":"gel-nettoyant-cleanance-avene-400ml","status":"publish","type":"product","link":"https:\/\/brumcosmetique.com\/?product=gel-nettoyant-cleanance-avene-400ml","title":{"rendered":"Gel Nettoyant Cleanance Av\u00e8ne 400ml"},"content":{"rendered":"<p>Un gel nettoyant purifiant, l\u00e9g\u00e8rement moussant, destin\u00e9 aux peaux grasses et \/ou \u00e0 tendance acn\u00e9ique. Sa formule respectueuse des peaux sensibles combine une association unique d&rsquo;actifs aux triples b\u00e9n\u00e9fices : un nettoyage d\u00e9licat gr\u00e2ce \u00e0 une base lavante douce, un effet matifiant assur\u00e9 par la Comedoclastin\u2122, un actif v\u00e9g\u00e9tal issu de graines de chardon marie aux propri\u00e9t\u00e9s brevet\u00e9es* qui r\u00e9duit l\u2019exc\u00e8s de s\u00e9bum, et un confort li\u00e9 \u00e0 l&rsquo;Eau thermale d&rsquo;Av\u00e8ne aux propri\u00e9t\u00e9s apaisantes et anti-irritantes. La peau est nette, fra\u00eeche, purifi\u00e9e et moins brillante. Cleanance Gel nettoyant convient aux porteurs de lentilles.<\/p>\n","protected":false},"excerpt":{"rendered":"<p>Un gel nettoyant, purifiant et matifiant pour l&rsquo;hygi\u00e8ne quotidienne des peaux sensibles grasses, \u00e0 imperfections ou \u00e0 tendance acn\u00e9ique. Visage et corps.<\/p>\n","protected":false},"featured_media":18374,"comment_status":"open","ping_status":"closed","template":"","meta":[],"product_cat":[20,143,32],"product_tag":[],"class_list":{"0":"post-18384","1":"product","2":"type-product","3":"status-publish","4":"has-post-thumbnail","6":"product_cat-corps","7":"product_cat-cremes-de-visage","8":"product_cat-visage","10":"first","11":"outofstock","12":"taxable","13":"shipping-taxable","14":"purchasable","15":"product-type-simple"},"_links":{"self":[{"href":"https:\/\/brumcosmetique.com\/index.php?rest_route=\/wp\/v2\/product\/18384","targetHints":{"allow":["GET"]}}],"collection":[{"href":"https:\/\/brumcosmetique.com\/index.php?rest_route=\/wp\/v2\/product"}],"about":[{"href":"https:\/\/brumcosmetique.com\/index.php?rest_route=\/wp\/v2\/types\/product"}],"replies":[{"embeddable":true,"href":"https:\/\/brumcosmetique.com\/index.php?rest_route=%2Fwp%2Fv2%2Fcomments&post=18384"}],"version-history":[{"count":1,"href":"https:\/\/brumcosmetique.com\/index.php?rest_route=\/wp\/v2\/product\/18384\/revisions"}],"predecessor-version":[{"id":18385,"href":"https:\/\/brumcosmetique.com\/index.php?rest_route=\/wp\/v2\/product\/18384\/revisions\/18385"}],"wp:featuredmedia":[{"embeddable":true,"href":"https:\/\/brumcosmetique.com\/index.php?rest_route=\/wp\/v2\/media\/18374"}],"wp:attachment":[{"href":"https:\/\/brumcosmetique.com\/index.php?rest_route=%2Fwp%2Fv2%2Fmedia&parent=18384"}],"wp:term":[{"taxonomy":"product_cat","embeddable":true,"href":"https:\/\/brumcosmetique.com\/index.php?rest_route=%2Fwp%2Fv2%2Fproduct_cat&post=18384"},{"taxonomy":"product_tag","embeddable":true,"href":"https:\/\/brumcosmetique.com\/index.php?rest_route=%2Fwp%2Fv2%2Fproduct_tag&post=18384"}],"curies":[{"name":"wp","href":"https:\/\/api.w.org\/{rel}","templated":true}]}}