{"id":18386,"date":"2024-11-12T22:40:16","date_gmt":"2024-11-12T21:40:16","guid":{"rendered":"https:\/\/brumcosmetique.com\/?post_type=product&#038;p=18386"},"modified":"2025-05-14T12:03:20","modified_gmt":"2025-05-14T10:03:20","slug":"eau-micellaire-cleanance-avene-400ml","status":"publish","type":"product","link":"https:\/\/brumcosmetique.com\/?product=eau-micellaire-cleanance-avene-400ml","title":{"rendered":"Eau Micellaire Cleanance Av\u00e8ne 400ml"},"content":{"rendered":"<p>Cette eau micellaire compos\u00e9e \u00e0 99% d&rsquo;ingr\u00e9dients d&rsquo;origine naturelle d\u00e9maquille d\u00e8s le 1er coton* et \u00e9limine m\u00eame les particules fines de pollution, pour laisser une peau nette, fraiche et matifi\u00e9e.<br \/>\nSa formule enrichie en Eau Thermale d\u2019Av\u00e8ne et en glyc\u00e9rine garantit un nettoyage doux qui permet de retrouver l&rsquo;\u00e9quilibre naturel de la peau.<\/p>\n","protected":false},"excerpt":{"rendered":"<p>Eau micellaire naturelle \u00e0 l&rsquo;efficacit\u00e9 nettoyante renforc\u00e9e pour nettoyer, purifier et matifier les peaux mixtes, grasses, \u00e0 tendance acn\u00e9ique.<\/p>\n","protected":false},"featured_media":18373,"comment_status":"open","ping_status":"closed","template":"","meta":[],"product_cat":[175,32],"product_tag":[],"class_list":{"0":"post-18386","1":"product","2":"type-product","3":"status-publish","4":"has-post-thumbnail","6":"product_cat-eaux-micellaires","7":"product_cat-visage","9":"first","10":"instock","11":"taxable","12":"shipping-taxable","13":"purchasable","14":"product-type-simple"},"_links":{"self":[{"href":"https:\/\/brumcosmetique.com\/index.php?rest_route=\/wp\/v2\/product\/18386","targetHints":{"allow":["GET"]}}],"collection":[{"href":"https:\/\/brumcosmetique.com\/index.php?rest_route=\/wp\/v2\/product"}],"about":[{"href":"https:\/\/brumcosmetique.com\/index.php?rest_route=\/wp\/v2\/types\/product"}],"replies":[{"embeddable":true,"href":"https:\/\/brumcosmetique.com\/index.php?rest_route=%2Fwp%2Fv2%2Fcomments&post=18386"}],"version-history":[{"count":1,"href":"https:\/\/brumcosmetique.com\/index.php?rest_route=\/wp\/v2\/product\/18386\/revisions"}],"predecessor-version":[{"id":18387,"href":"https:\/\/brumcosmetique.com\/index.php?rest_route=\/wp\/v2\/product\/18386\/revisions\/18387"}],"wp:featuredmedia":[{"embeddable":true,"href":"https:\/\/brumcosmetique.com\/index.php?rest_route=\/wp\/v2\/media\/18373"}],"wp:attachment":[{"href":"https:\/\/brumcosmetique.com\/index.php?rest_route=%2Fwp%2Fv2%2Fmedia&parent=18386"}],"wp:term":[{"taxonomy":"product_cat","embeddable":true,"href":"https:\/\/brumcosmetique.com\/index.php?rest_route=%2Fwp%2Fv2%2Fproduct_cat&post=18386"},{"taxonomy":"product_tag","embeddable":true,"href":"https:\/\/brumcosmetique.com\/index.php?rest_route=%2Fwp%2Fv2%2Fproduct_tag&post=18386"}],"curies":[{"name":"wp","href":"https:\/\/api.w.org\/{rel}","templated":true}]}}