{"id":18390,"date":"2024-11-12T22:46:53","date_gmt":"2024-11-12T21:46:53","guid":{"rendered":"https:\/\/brumcosmetique.com\/?post_type=product&#038;p=18390"},"modified":"2025-05-13T21:19:52","modified_gmt":"2025-05-13T19:19:52","slug":"soin-hydratant-anti-brillance-sebium-mat-control-bioderma-30ml","status":"publish","type":"product","link":"https:\/\/brumcosmetique.com\/?product=soin-hydratant-anti-brillance-sebium-mat-control-bioderma-30ml","title":{"rendered":"Soin Hydratant Anti-Brillance S\u00e9bium Mat Control Bioderma 30ml"},"content":{"rendered":"<p>Conseil d&rsquo;utlilisation<\/p>\n<p>Une \u00e0 deux fois par jour<br \/>\n\u00c9tape 1<br \/>\nAppliquer le matin et\/ou le soir sur une peau pr\u00e9alablement nettoy\u00e9e \u00e0 l\u2019aide de S\u00e9bium Gel moussant ou S\u00e9bium H2O.<br \/>\n\u00c9tape 2<br \/>\nMasser d\u00e9licatement jusqu&rsquo;\u00e0 p\u00e9n\u00e9tration du produit.<br \/>\nSi le probl\u00e8me persiste, consulter un m\u00e9decin.<\/p>\n","protected":false},"excerpt":{"rendered":"<p>S\u00e9bium Mat Control est sp\u00e9cifiquement formul\u00e9 pour matifier instantan\u00e9ment et durablement les peaux mixtes \u00e0 grasses :<br \/>\n&#8211; sa texture mate et onctueuse, formul\u00e9e \u00e0 l\u2019aide d\u2019une s\u00e9lection rigoureuse de poudres matifiantes, de poudres correctrices et d\u2019agents hydratants, garantit une efficacit\u00e9 imm\u00e9diate et durable<br \/>\n&#8211; le complexe brevet\u00e9 exclusif Fluidactiv\u2122 r\u00e9gule biologiquement la qualit\u00e9 du s\u00e9bum, \u00e9vitant l\u2019obstruction des pores et limitant l\u2019apparition d\u2019imperfections.<br \/>\n&#8211; l\u2019association du zinc et de la vitamine B6 limite biologiquement la production de s\u00e9bum<br \/>\n&#8211; les substances actives k\u00e9ratolytiques resserrent les pores, et affinent et lissent le grain de peau.<\/p>\n","protected":false},"featured_media":18378,"comment_status":"open","ping_status":"closed","template":"","meta":[],"product_cat":[143,32],"product_tag":[],"class_list":{"0":"post-18390","1":"product","2":"type-product","3":"status-publish","4":"has-post-thumbnail","6":"product_cat-cremes-de-visage","7":"product_cat-visage","9":"first","10":"outofstock","11":"taxable","12":"shipping-taxable","13":"purchasable","14":"product-type-simple"},"_links":{"self":[{"href":"https:\/\/brumcosmetique.com\/index.php?rest_route=\/wp\/v2\/product\/18390","targetHints":{"allow":["GET"]}}],"collection":[{"href":"https:\/\/brumcosmetique.com\/index.php?rest_route=\/wp\/v2\/product"}],"about":[{"href":"https:\/\/brumcosmetique.com\/index.php?rest_route=\/wp\/v2\/types\/product"}],"replies":[{"embeddable":true,"href":"https:\/\/brumcosmetique.com\/index.php?rest_route=%2Fwp%2Fv2%2Fcomments&post=18390"}],"version-history":[{"count":1,"href":"https:\/\/brumcosmetique.com\/index.php?rest_route=\/wp\/v2\/product\/18390\/revisions"}],"predecessor-version":[{"id":18391,"href":"https:\/\/brumcosmetique.com\/index.php?rest_route=\/wp\/v2\/product\/18390\/revisions\/18391"}],"wp:featuredmedia":[{"embeddable":true,"href":"https:\/\/brumcosmetique.com\/index.php?rest_route=\/wp\/v2\/media\/18378"}],"wp:attachment":[{"href":"https:\/\/brumcosmetique.com\/index.php?rest_route=%2Fwp%2Fv2%2Fmedia&parent=18390"}],"wp:term":[{"taxonomy":"product_cat","embeddable":true,"href":"https:\/\/brumcosmetique.com\/index.php?rest_route=%2Fwp%2Fv2%2Fproduct_cat&post=18390"},{"taxonomy":"product_tag","embeddable":true,"href":"https:\/\/brumcosmetique.com\/index.php?rest_route=%2Fwp%2Fv2%2Fproduct_tag&post=18390"}],"curies":[{"name":"wp","href":"https:\/\/api.w.org\/{rel}","templated":true}]}}