{"id":18398,"date":"2024-12-03T16:55:31","date_gmt":"2024-12-03T15:55:31","guid":{"rendered":"https:\/\/brumcosmetique.com\/?post_type=product&#038;p=18398"},"modified":"2025-07-10T19:53:40","modified_gmt":"2025-07-10T17:53:40","slug":"gel-moussant-doux-exfoliac-400ml","status":"publish","type":"product","link":"https:\/\/brumcosmetique.com\/?product=gel-moussant-doux-exfoliac-400ml","title":{"rendered":"Gel Moussant Doux Exfoliac 400ml"},"content":{"rendered":"<p>Le nettoyant doux adapt\u00e9 aux peaux \u00e0 imperfections :<br \/>\n90% nettoie la peau en douceur<br \/>\n90% rin\u00e7age facile<br \/>\n83% ne dess\u00e8che pas la peau<br \/>\n79% peau purifi\u00e9e<br \/>\n80% peau apais\u00e9e<br \/>\nAuto-\u00e9valuation, 19 volontaires.<br \/>\n\u2013 86% parfum agr\u00e9able<\/p>\n","protected":false},"excerpt":{"rendered":"<p>Un nettoyage avec un produit adapt\u00e9 est une \u00e9tape essentielle \u00e0 la routine des peaux \u00e0 imperfections.<br \/>\nSp\u00e9cialement \u00e9labor\u00e9 pour nettoyer en douceur les peaux jeunes \u00e0 imperfections, Exfoliac\u00ae Gel moussant favorise l\u2019\u00e9limination des impuret\u00e9s, r\u00e9gule la s\u00e9cr\u00e9tion de s\u00e9bum tout en respectant le pH cutan\u00e9. Il r\u00e9duit la prolif\u00e9ration bact\u00e9rienne et assainit l\u2019\u00e9piderme durablement. Gr\u00e2ce \u00e0 une utilisation quotidienne, la peau retrouve un aspect plus net, les pores sont resserr\u00e9s et le teint lumineux.<\/p>\n","protected":false},"featured_media":18404,"comment_status":"open","ping_status":"closed","template":"","meta":[],"product_cat":[173,32],"product_tag":[],"class_list":{"0":"post-18398","1":"product","2":"type-product","3":"status-publish","4":"has-post-thumbnail","6":"product_cat-gel-visage","7":"product_cat-visage","9":"first","10":"outofstock","11":"taxable","12":"shipping-taxable","13":"purchasable","14":"product-type-simple"},"_links":{"self":[{"href":"https:\/\/brumcosmetique.com\/index.php?rest_route=\/wp\/v2\/product\/18398","targetHints":{"allow":["GET"]}}],"collection":[{"href":"https:\/\/brumcosmetique.com\/index.php?rest_route=\/wp\/v2\/product"}],"about":[{"href":"https:\/\/brumcosmetique.com\/index.php?rest_route=\/wp\/v2\/types\/product"}],"replies":[{"embeddable":true,"href":"https:\/\/brumcosmetique.com\/index.php?rest_route=%2Fwp%2Fv2%2Fcomments&post=18398"}],"version-history":[{"count":1,"href":"https:\/\/brumcosmetique.com\/index.php?rest_route=\/wp\/v2\/product\/18398\/revisions"}],"predecessor-version":[{"id":18414,"href":"https:\/\/brumcosmetique.com\/index.php?rest_route=\/wp\/v2\/product\/18398\/revisions\/18414"}],"wp:featuredmedia":[{"embeddable":true,"href":"https:\/\/brumcosmetique.com\/index.php?rest_route=\/wp\/v2\/media\/18404"}],"wp:attachment":[{"href":"https:\/\/brumcosmetique.com\/index.php?rest_route=%2Fwp%2Fv2%2Fmedia&parent=18398"}],"wp:term":[{"taxonomy":"product_cat","embeddable":true,"href":"https:\/\/brumcosmetique.com\/index.php?rest_route=%2Fwp%2Fv2%2Fproduct_cat&post=18398"},{"taxonomy":"product_tag","embeddable":true,"href":"https:\/\/brumcosmetique.com\/index.php?rest_route=%2Fwp%2Fv2%2Fproduct_tag&post=18398"}],"curies":[{"name":"wp","href":"https:\/\/api.w.org\/{rel}","templated":true}]}}