{"id":18415,"date":"2024-12-04T16:24:56","date_gmt":"2024-12-04T15:24:56","guid":{"rendered":"https:\/\/brumcosmetique.com\/?post_type=product&#038;p=18415"},"modified":"2025-05-13T21:34:38","modified_gmt":"2025-05-13T19:34:38","slug":"gel-moussant-cerave-473ml","status":"publish","type":"product","link":"https:\/\/brumcosmetique.com\/?product=gel-moussant-cerave-473ml","title":{"rendered":"Gel Moussant CeraVe 473ml"},"content":{"rendered":"<p>Enrichi aux 3 c\u00e9ramides essentiels et \u00e0 l&rsquo;acide hyaluronique, il hydrate et restaure la barri\u00e8re protectrice naturelle de la peau. D\u00e9velopp\u00e9e avec des dermatologues et selon une charte de formulation stricte, cette formule est respectueuse de la peau avec un pH physiologique, sans parfum, hypoallerg\u00e9nique, et non-com\u00e9dog\u00e8ne. Elle convient aux peaux sensibles.<\/p>\n","protected":false},"excerpt":{"rendered":"<p>Le Gel Moussant de CeraVe est un soin quotidien qui nettoie et purifie la peau en profondeur sans alt\u00e9rer la barri\u00e8re cutan\u00e9e des peaux normales, mixtes et grasses. Il \u00e9limine efficacement l&rsquo;exc\u00e8s de s\u00e9bum, les impuret\u00e9s, le maquillage et la pollution et rafraichit la peau. Ce nettoyant \u00e0 la texture gel moussante peut \u00eatre utilis\u00e9 sur le visage et le corps.<\/p>\n","protected":false},"featured_media":18409,"comment_status":"open","ping_status":"closed","template":"","meta":[],"product_cat":[173,32],"product_tag":[],"class_list":{"0":"post-18415","1":"product","2":"type-product","3":"status-publish","4":"has-post-thumbnail","6":"product_cat-gel-visage","7":"product_cat-visage","9":"first","10":"outofstock","11":"taxable","12":"shipping-taxable","13":"purchasable","14":"product-type-simple"},"_links":{"self":[{"href":"https:\/\/brumcosmetique.com\/index.php?rest_route=\/wp\/v2\/product\/18415","targetHints":{"allow":["GET"]}}],"collection":[{"href":"https:\/\/brumcosmetique.com\/index.php?rest_route=\/wp\/v2\/product"}],"about":[{"href":"https:\/\/brumcosmetique.com\/index.php?rest_route=\/wp\/v2\/types\/product"}],"replies":[{"embeddable":true,"href":"https:\/\/brumcosmetique.com\/index.php?rest_route=%2Fwp%2Fv2%2Fcomments&post=18415"}],"version-history":[{"count":1,"href":"https:\/\/brumcosmetique.com\/index.php?rest_route=\/wp\/v2\/product\/18415\/revisions"}],"predecessor-version":[{"id":18416,"href":"https:\/\/brumcosmetique.com\/index.php?rest_route=\/wp\/v2\/product\/18415\/revisions\/18416"}],"wp:featuredmedia":[{"embeddable":true,"href":"https:\/\/brumcosmetique.com\/index.php?rest_route=\/wp\/v2\/media\/18409"}],"wp:attachment":[{"href":"https:\/\/brumcosmetique.com\/index.php?rest_route=%2Fwp%2Fv2%2Fmedia&parent=18415"}],"wp:term":[{"taxonomy":"product_cat","embeddable":true,"href":"https:\/\/brumcosmetique.com\/index.php?rest_route=%2Fwp%2Fv2%2Fproduct_cat&post=18415"},{"taxonomy":"product_tag","embeddable":true,"href":"https:\/\/brumcosmetique.com\/index.php?rest_route=%2Fwp%2Fv2%2Fproduct_tag&post=18415"}],"curies":[{"name":"wp","href":"https:\/\/api.w.org\/{rel}","templated":true}]}}