{"id":18417,"date":"2024-12-04T16:34:57","date_gmt":"2024-12-04T15:34:57","guid":{"rendered":"https:\/\/brumcosmetique.com\/?post_type=product&#038;p=18417"},"modified":"2025-09-11T13:48:33","modified_gmt":"2025-09-11T11:48:33","slug":"huile-lavante-relipidante-da-protect-500ml","status":"publish","type":"product","link":"https:\/\/brumcosmetique.com\/?product=huile-lavante-relipidante-da-protect-500ml","title":{"rendered":"Huile Lavante R\u00e9lipidante DA Protect 500ml"},"content":{"rendered":"<p>POUR LE BIEN-\u00caTRE DE VOTRE PEAU : Alliez efficacit\u00e9, s\u00e9curit\u00e9 et confort avec Topicrem. Nous d\u00e9veloppons et fabriquons nos produits en France en \u00e9troite collaboration avec des sp\u00e9cialistes de sant\u00e9. Gr\u00e2ce \u00e0 des actifs concentr\u00e9s \u00e0 la juste dose, nos formules visent un \u00e9quilibre parfait entre efficacit\u00e9 et haute tol\u00e9rance pour tous les types de peaux sensibles.<\/p>\n","protected":false},"excerpt":{"rendered":"<p>RELIPIDE, APAISE, PROT\u00c8GE : Con\u00e7u pour le bien-\u00eatre de votre peau, DA Protect Huile Lavante Relipidante de Topicrem nettoie en douceur et relipide les peaux sensibles tr\u00e8s s\u00e8ches \u00e0 atopiques. Ce soin visage et corps apaise les grattages et irritations, prot\u00e8ge la barri\u00e8re cutan\u00e9e, respecte le microbiome et hydrate votre peau pendant 8h. Sa texture agr\u00e9able et onctueuse, au fini non gras, assure un confort d\u2019utilisation maximum.<br \/>\nDES R\u00c9SULTATS VISIBLES : Cette huile lavante permet de r\u00e9duire les sensations de grattage et irritations (88%*), nettoyer d\u00e9licatement la peau (100%**) et laisser la peau apais\u00e9e (94%*). Pour un r\u00e9sultat optimal, appliquer sur la peau humide, faire mousser d\u00e9licatement et rincer. S\u00e9cher d\u00e9licatement la peau, sans frotter puis appliquer le soin \u00e9mollient.<\/p>\n","protected":false},"featured_media":18412,"comment_status":"open","ping_status":"closed","template":"","meta":[],"product_cat":[20,123],"product_tag":[],"class_list":{"0":"post-18417","1":"product","2":"type-product","3":"status-publish","4":"has-post-thumbnail","6":"product_cat-corps","7":"product_cat-huiles-de-corps","9":"first","10":"instock","11":"taxable","12":"shipping-taxable","13":"purchasable","14":"product-type-simple"},"_links":{"self":[{"href":"https:\/\/brumcosmetique.com\/index.php?rest_route=\/wp\/v2\/product\/18417","targetHints":{"allow":["GET"]}}],"collection":[{"href":"https:\/\/brumcosmetique.com\/index.php?rest_route=\/wp\/v2\/product"}],"about":[{"href":"https:\/\/brumcosmetique.com\/index.php?rest_route=\/wp\/v2\/types\/product"}],"replies":[{"embeddable":true,"href":"https:\/\/brumcosmetique.com\/index.php?rest_route=%2Fwp%2Fv2%2Fcomments&post=18417"}],"version-history":[{"count":1,"href":"https:\/\/brumcosmetique.com\/index.php?rest_route=\/wp\/v2\/product\/18417\/revisions"}],"predecessor-version":[{"id":18418,"href":"https:\/\/brumcosmetique.com\/index.php?rest_route=\/wp\/v2\/product\/18417\/revisions\/18418"}],"wp:featuredmedia":[{"embeddable":true,"href":"https:\/\/brumcosmetique.com\/index.php?rest_route=\/wp\/v2\/media\/18412"}],"wp:attachment":[{"href":"https:\/\/brumcosmetique.com\/index.php?rest_route=%2Fwp%2Fv2%2Fmedia&parent=18417"}],"wp:term":[{"taxonomy":"product_cat","embeddable":true,"href":"https:\/\/brumcosmetique.com\/index.php?rest_route=%2Fwp%2Fv2%2Fproduct_cat&post=18417"},{"taxonomy":"product_tag","embeddable":true,"href":"https:\/\/brumcosmetique.com\/index.php?rest_route=%2Fwp%2Fv2%2Fproduct_tag&post=18417"}],"curies":[{"name":"wp","href":"https:\/\/api.w.org\/{rel}","templated":true}]}}