{"id":18419,"date":"2024-12-04T16:43:47","date_gmt":"2024-12-04T15:43:47","guid":{"rendered":"https:\/\/brumcosmetique.com\/?post_type=product&#038;p=18419"},"modified":"2026-02-26T08:55:00","modified_gmt":"2026-02-26T07:55:00","slug":"lait-de-corps-eclaircissant-nuhanciam-500ml-2","status":"publish","type":"product","link":"https:\/\/brumcosmetique.com\/?product=lait-de-corps-eclaircissant-nuhanciam-500ml-2","title":{"rendered":"Lait de Corps Eclaircissant Taches Nuhanciam 500ml"},"content":{"rendered":"<p>Conseils d&rsquo;utilisation<br \/>\nAppliquer tous les jours sur l\u2019ensemble du corps en insistant sur les zones hyperpigment\u00e9es.<\/p>\n","protected":false},"excerpt":{"rendered":"<p>Pour la clart\u00e9 et la beaut\u00e9 du corps, ce soin complet corrige les taches et \u00e9claircit les zones sombres tout en maintenant l\u2019hydratation* et la souplesse de la peau. Extr\u00eamement sensorielle, la texture du Lait Corps \u00c9claircissant Taches fond dans la peau. Ni grasse, ni collante, elle permet de s&rsquo;habiller sans attendre.<\/p>\n","protected":false},"featured_media":19235,"comment_status":"open","ping_status":"closed","template":"","meta":[],"product_cat":[20,121],"product_tag":[],"class_list":{"0":"post-18419","1":"product","2":"type-product","3":"status-publish","4":"has-post-thumbnail","6":"product_cat-corps","7":"product_cat-laits-de-corps","9":"first","10":"instock","11":"taxable","12":"shipping-taxable","13":"purchasable","14":"product-type-simple"},"_links":{"self":[{"href":"https:\/\/brumcosmetique.com\/index.php?rest_route=\/wp\/v2\/product\/18419","targetHints":{"allow":["GET"]}}],"collection":[{"href":"https:\/\/brumcosmetique.com\/index.php?rest_route=\/wp\/v2\/product"}],"about":[{"href":"https:\/\/brumcosmetique.com\/index.php?rest_route=\/wp\/v2\/types\/product"}],"replies":[{"embeddable":true,"href":"https:\/\/brumcosmetique.com\/index.php?rest_route=%2Fwp%2Fv2%2Fcomments&post=18419"}],"version-history":[{"count":3,"href":"https:\/\/brumcosmetique.com\/index.php?rest_route=\/wp\/v2\/product\/18419\/revisions"}],"predecessor-version":[{"id":19257,"href":"https:\/\/brumcosmetique.com\/index.php?rest_route=\/wp\/v2\/product\/18419\/revisions\/19257"}],"wp:featuredmedia":[{"embeddable":true,"href":"https:\/\/brumcosmetique.com\/index.php?rest_route=\/wp\/v2\/media\/19235"}],"wp:attachment":[{"href":"https:\/\/brumcosmetique.com\/index.php?rest_route=%2Fwp%2Fv2%2Fmedia&parent=18419"}],"wp:term":[{"taxonomy":"product_cat","embeddable":true,"href":"https:\/\/brumcosmetique.com\/index.php?rest_route=%2Fwp%2Fv2%2Fproduct_cat&post=18419"},{"taxonomy":"product_tag","embeddable":true,"href":"https:\/\/brumcosmetique.com\/index.php?rest_route=%2Fwp%2Fv2%2Fproduct_tag&post=18419"}],"curies":[{"name":"wp","href":"https:\/\/api.w.org\/{rel}","templated":true}]}}