{"id":18421,"date":"2024-12-04T16:54:43","date_gmt":"2024-12-04T15:54:43","guid":{"rendered":"https:\/\/brumcosmetique.com\/?post_type=product&#038;p=18421"},"modified":"2026-02-04T08:42:14","modified_gmt":"2026-02-04T07:42:14","slug":"gel-exfoliant-purete-pamplemousse-neutrogena-200ml","status":"publish","type":"product","link":"https:\/\/brumcosmetique.com\/?product=gel-exfoliant-purete-pamplemousse-neutrogena-200ml","title":{"rendered":"Gel Exfoliant Puret\u00e9 Pamplemousse Neutrogena 200ml"},"content":{"rendered":"<p>Conseils d&rsquo;utilisation<br \/>\nAppliquer 1 fois par jour sur visage humide et masser d\u00e9licatement. Rincer abondamment.<\/p>\n","protected":false},"excerpt":{"rendered":"<p>Le Gel exfoliant Puret\u00e9 Pamplemousse enrichi en pamplemousse rose purifie la peau en profondeur. La peau est nette et purifi\u00e9e, \u00e9clatante de sant\u00e9.<\/p>\n<p>Gr\u00e2ce aux micro-perles exfoliantes d&rsquo;origine naturelle, ce gel d\u00e9sincruste les pores pour aider \u00e0 r\u00e9duire les imperfections, et pr\u00e9venir leur r\u00e9apparition.<\/p>\n","protected":false},"featured_media":18425,"comment_status":"open","ping_status":"closed","template":"","meta":[],"product_cat":[173,32],"product_tag":[],"class_list":{"0":"post-18421","1":"product","2":"type-product","3":"status-publish","4":"has-post-thumbnail","6":"product_cat-gel-visage","7":"product_cat-visage","9":"first","10":"instock","11":"taxable","12":"shipping-taxable","13":"purchasable","14":"product-type-simple"},"_links":{"self":[{"href":"https:\/\/brumcosmetique.com\/index.php?rest_route=\/wp\/v2\/product\/18421","targetHints":{"allow":["GET"]}}],"collection":[{"href":"https:\/\/brumcosmetique.com\/index.php?rest_route=\/wp\/v2\/product"}],"about":[{"href":"https:\/\/brumcosmetique.com\/index.php?rest_route=\/wp\/v2\/types\/product"}],"replies":[{"embeddable":true,"href":"https:\/\/brumcosmetique.com\/index.php?rest_route=%2Fwp%2Fv2%2Fcomments&post=18421"}],"version-history":[{"count":1,"href":"https:\/\/brumcosmetique.com\/index.php?rest_route=\/wp\/v2\/product\/18421\/revisions"}],"predecessor-version":[{"id":18426,"href":"https:\/\/brumcosmetique.com\/index.php?rest_route=\/wp\/v2\/product\/18421\/revisions\/18426"}],"wp:featuredmedia":[{"embeddable":true,"href":"https:\/\/brumcosmetique.com\/index.php?rest_route=\/wp\/v2\/media\/18425"}],"wp:attachment":[{"href":"https:\/\/brumcosmetique.com\/index.php?rest_route=%2Fwp%2Fv2%2Fmedia&parent=18421"}],"wp:term":[{"taxonomy":"product_cat","embeddable":true,"href":"https:\/\/brumcosmetique.com\/index.php?rest_route=%2Fwp%2Fv2%2Fproduct_cat&post=18421"},{"taxonomy":"product_tag","embeddable":true,"href":"https:\/\/brumcosmetique.com\/index.php?rest_route=%2Fwp%2Fv2%2Fproduct_tag&post=18421"}],"curies":[{"name":"wp","href":"https:\/\/api.w.org\/{rel}","templated":true}]}}