{"id":18427,"date":"2024-12-04T17:03:50","date_gmt":"2024-12-04T16:03:50","guid":{"rendered":"https:\/\/brumcosmetique.com\/?post_type=product&#038;p=18427"},"modified":"2025-05-14T12:10:15","modified_gmt":"2025-05-14T10:10:15","slug":"gel-nettoyant-purete-pamplemousse-neutrogena-150ml","status":"publish","type":"product","link":"https:\/\/brumcosmetique.com\/?product=gel-nettoyant-purete-pamplemousse-neutrogena-150ml","title":{"rendered":"Gel nettoyant Puret\u00e9 Pamplemousse Neutrogena 150ml"},"content":{"rendered":"<p>Appliquer matin et soir sur visage humide et masser d\u00e9licatement. Rincer abondamment.<\/p>\n","protected":false},"excerpt":{"rendered":"<p>Le gel nettoyant Puret\u00e9 Pamplemousse enrichi en pamplemousse rose purifie la peau et r\u00e9duit les imperfections. La peau est nette et purifi\u00e9e, \u00e9clatante de sant\u00e9.<\/p>\n<p>Sa formule non grasse purifie la peau en profondeur, sans la dess\u00e9cher.<\/p>\n","protected":false},"featured_media":18403,"comment_status":"open","ping_status":"closed","template":"","meta":[],"product_cat":[173,32],"product_tag":[],"class_list":{"0":"post-18427","1":"product","2":"type-product","3":"status-publish","4":"has-post-thumbnail","6":"product_cat-gel-visage","7":"product_cat-visage","9":"first","10":"outofstock","11":"taxable","12":"shipping-taxable","13":"purchasable","14":"product-type-simple"},"_links":{"self":[{"href":"https:\/\/brumcosmetique.com\/index.php?rest_route=\/wp\/v2\/product\/18427","targetHints":{"allow":["GET"]}}],"collection":[{"href":"https:\/\/brumcosmetique.com\/index.php?rest_route=\/wp\/v2\/product"}],"about":[{"href":"https:\/\/brumcosmetique.com\/index.php?rest_route=\/wp\/v2\/types\/product"}],"replies":[{"embeddable":true,"href":"https:\/\/brumcosmetique.com\/index.php?rest_route=%2Fwp%2Fv2%2Fcomments&post=18427"}],"version-history":[{"count":1,"href":"https:\/\/brumcosmetique.com\/index.php?rest_route=\/wp\/v2\/product\/18427\/revisions"}],"predecessor-version":[{"id":18428,"href":"https:\/\/brumcosmetique.com\/index.php?rest_route=\/wp\/v2\/product\/18427\/revisions\/18428"}],"wp:featuredmedia":[{"embeddable":true,"href":"https:\/\/brumcosmetique.com\/index.php?rest_route=\/wp\/v2\/media\/18403"}],"wp:attachment":[{"href":"https:\/\/brumcosmetique.com\/index.php?rest_route=%2Fwp%2Fv2%2Fmedia&parent=18427"}],"wp:term":[{"taxonomy":"product_cat","embeddable":true,"href":"https:\/\/brumcosmetique.com\/index.php?rest_route=%2Fwp%2Fv2%2Fproduct_cat&post=18427"},{"taxonomy":"product_tag","embeddable":true,"href":"https:\/\/brumcosmetique.com\/index.php?rest_route=%2Fwp%2Fv2%2Fproduct_tag&post=18427"}],"curies":[{"name":"wp","href":"https:\/\/api.w.org\/{rel}","templated":true}]}}