{"id":19077,"date":"2025-09-11T15:04:45","date_gmt":"2025-09-11T13:04:45","guid":{"rendered":"https:\/\/brumcosmetique.com\/?post_type=product&#038;p=19077"},"modified":"2025-11-30T21:19:07","modified_gmt":"2025-11-30T20:19:07","slug":"19077","status":"publish","type":"product","link":"https:\/\/brumcosmetique.com\/?product=19077","title":{"rendered":"Gel Huile Eucerin pH5"},"content":{"rendered":"<p data-start=\"138\" data-end=\"675\">Le Gel Huile Eucerin pH5 est sp\u00e9cialement con\u00e7u pour nettoyer et prot\u00e9ger les peaux sensibles et fragilis\u00e9es. Sa formule enrichie en pH5 et en principes actifs doux pr\u00e9serve la barri\u00e8re cutan\u00e9e naturelle, tout en apportant hydratation et confort. Sa texture gel\u2011huile transforme la douche en un moment de soin, nettoyant d\u00e9licatement la peau sans la dess\u00e9cher et laissant une sensation de douceur et de protection durable. Convient \u00e0 toute la famille, m\u00eame aux peaux les plus sensibles.<\/p>\n<p data-start=\"677\" data-end=\"843\">\u2714 Nettoie en douceur sans agresser la peau<br data-start=\"719\" data-end=\"722\" \/>\u2714 Prot\u00e8ge et renforce la barri\u00e8re cutan\u00e9e<br data-start=\"763\" data-end=\"766\" \/>\u2714 Hydrate et adoucit intens\u00e9ment<br data-start=\"798\" data-end=\"801\" \/>\u2714 Convient aux b\u00e9b\u00e9s, enfants et adultes<\/p>\n","protected":false},"excerpt":{"rendered":"<p>Le Gel Huile Eucerin pH5 nettoie d\u00e9licatement tout en prot\u00e9geant et hydratant la peau, pour un confort imm\u00e9diat et durable.<\/p>\n","protected":false},"featured_media":19078,"comment_status":"closed","ping_status":"closed","template":"","meta":[],"product_cat":[20,257],"product_tag":[],"class_list":{"0":"post-19077","1":"product","2":"type-product","3":"status-publish","4":"has-post-thumbnail","6":"product_cat-corps","7":"product_cat-gel-huile","9":"first","10":"instock","11":"taxable","12":"shipping-taxable","13":"purchasable","14":"product-type-simple"},"_links":{"self":[{"href":"https:\/\/brumcosmetique.com\/index.php?rest_route=\/wp\/v2\/product\/19077","targetHints":{"allow":["GET"]}}],"collection":[{"href":"https:\/\/brumcosmetique.com\/index.php?rest_route=\/wp\/v2\/product"}],"about":[{"href":"https:\/\/brumcosmetique.com\/index.php?rest_route=\/wp\/v2\/types\/product"}],"replies":[{"embeddable":true,"href":"https:\/\/brumcosmetique.com\/index.php?rest_route=%2Fwp%2Fv2%2Fcomments&post=19077"}],"version-history":[{"count":3,"href":"https:\/\/brumcosmetique.com\/index.php?rest_route=\/wp\/v2\/product\/19077\/revisions"}],"predecessor-version":[{"id":19081,"href":"https:\/\/brumcosmetique.com\/index.php?rest_route=\/wp\/v2\/product\/19077\/revisions\/19081"}],"wp:featuredmedia":[{"embeddable":true,"href":"https:\/\/brumcosmetique.com\/index.php?rest_route=\/wp\/v2\/media\/19078"}],"wp:attachment":[{"href":"https:\/\/brumcosmetique.com\/index.php?rest_route=%2Fwp%2Fv2%2Fmedia&parent=19077"}],"wp:term":[{"taxonomy":"product_cat","embeddable":true,"href":"https:\/\/brumcosmetique.com\/index.php?rest_route=%2Fwp%2Fv2%2Fproduct_cat&post=19077"},{"taxonomy":"product_tag","embeddable":true,"href":"https:\/\/brumcosmetique.com\/index.php?rest_route=%2Fwp%2Fv2%2Fproduct_tag&post=19077"}],"curies":[{"name":"wp","href":"https:\/\/api.w.org\/{rel}","templated":true}]}}