{"id":19185,"date":"2025-09-12T15:26:11","date_gmt":"2025-09-12T13:26:11","guid":{"rendered":"https:\/\/brumcosmetique.com\/?post_type=product&#038;p=19185"},"modified":"2025-11-01T01:57:37","modified_gmt":"2025-11-01T00:57:37","slug":"serum-ascorbyl-glucoside-solution-12-de-the-ordinary","status":"publish","type":"product","link":"https:\/\/brumcosmetique.com\/?product=serum-ascorbyl-glucoside-solution-12-de-the-ordinary","title":{"rendered":"s\u00e9rum Ascorbyl Glucoside Solution 12% de The Ordinary"},"content":{"rendered":"<p data-start=\"184\" data-end=\"538\">Le s\u00e9rum <strong data-start=\"193\" data-end=\"228\">Ascorbyl Glucoside Solution 12%<\/strong> de The Ordinary est une formule aqueuse l\u00e9g\u00e8re contenant 12\u202f% d&rsquo;<strong data-start=\"293\" data-end=\"315\">ascorbyl glucoside<\/strong>, un d\u00e9riv\u00e9 stable et soluble de la vitamine C. Ce s\u00e9rum offre une action antioxydante efficace, aide \u00e0 \u00e9claircir le teint et \u00e0 r\u00e9duire les signes de vieillissement cutan\u00e9, tout en \u00e9tant bien tol\u00e9r\u00e9 par les peaux sensibles.<\/p>\n<p data-start=\"540\" data-end=\"838\">L&rsquo;ascorbyl glucoside est converti en acide ascorbique actif au contact de la peau, offrant ainsi les bienfaits de la vitamine C sans les risques d&rsquo;irritation associ\u00e9s aux formes plus puissantes. Cette solution est id\u00e9ale pour les personnes recherchant un soin anti-\u00e2ge doux, unifiant et protecteur.<\/p>\n<p data-start=\"840\" data-end=\"862\"><strong data-start=\"840\" data-end=\"860\">Ingr\u00e9dients cl\u00e9s<\/strong> :<\/p>\n<ul data-start=\"864\" data-end=\"1432\">\n<li data-start=\"864\" data-end=\"976\">\n<p data-start=\"866\" data-end=\"976\"><strong data-start=\"866\" data-end=\"887\">Ascoryl Glucoside<\/strong> : D\u00e9riv\u00e9 stable de la vitamine C, offre des propri\u00e9t\u00e9s antioxydantes et \u00e9claircissantes.<\/p>\n<\/li>\n<li data-start=\"977\" data-end=\"1018\">\n<p data-start=\"979\" data-end=\"1018\"><strong data-start=\"979\" data-end=\"994\">Propanediol<\/strong> : Solvant et hydratant.<\/p>\n<\/li>\n<li data-start=\"1019\" data-end=\"1109\">\n<p data-start=\"1021\" data-end=\"1109\"><strong data-start=\"1021\" data-end=\"1063\">Aminom\u00e9thyl Propanol &amp; Tri\u00e9thanolamine<\/strong> : Agents tampon pour maintenir le pH optimal.<\/p>\n<\/li>\n<li data-start=\"1110\" data-end=\"1143\">\n<p data-start=\"1112\" data-end=\"1143\"><strong data-start=\"1112\" data-end=\"1128\">Isoceteth-20<\/strong> : \u00c9mulsifiant.<\/p>\n<\/li>\n<li data-start=\"1144\" data-end=\"1186\">\n<p data-start=\"1146\" data-end=\"1186\"><strong data-start=\"1146\" data-end=\"1162\">Xanthane Gum<\/strong> : \u00c9paississant naturel.<\/p>\n<\/li>\n<li data-start=\"1187\" data-end=\"1260\">\n<p data-start=\"1189\" data-end=\"1260\"><strong data-start=\"1189\" data-end=\"1212\">Dim\u00e9thyl Isosorbide<\/strong> : Solvant am\u00e9liorant la p\u00e9n\u00e9tration des actifs.<\/p>\n<\/li>\n<li data-start=\"1261\" data-end=\"1305\">\n<p data-start=\"1263\" data-end=\"1305\"><strong data-start=\"1263\" data-end=\"1281\">\u00c9thoxydiglycol<\/strong> : Solvant et hydratant.<\/p>\n<\/li>\n<li data-start=\"1306\" data-end=\"1362\">\n<p data-start=\"1308\" data-end=\"1362\"><strong data-start=\"1308\" data-end=\"1349\">Trisodium Ethylenediamine Disuccinate<\/strong> : Ch\u00e9lateur.<\/p>\n<\/li>\n<li data-start=\"1363\" data-end=\"1432\">\n<p data-start=\"1365\" data-end=\"1432\"><strong data-start=\"1365\" data-end=\"1401\">1,2-Hexanediol &amp; Caprylyl Glycol<\/strong> : Conservateurs et hydratants.<\/p>\n<\/li>\n<\/ul>\n<p data-start=\"1434\" data-end=\"1553\">Cette formulation est exempte d&rsquo;alcool, de parfum et d&rsquo;huiles essentielles, ce qui la rend adapt\u00e9e aux peaux sensibles.<\/p>\n","protected":false},"excerpt":{"rendered":"<p>Un s\u00e9rum l\u00e9ger \u00e0 12\u202f% d&rsquo;ascorbyl glucoside, offrant une action antioxydante, \u00e9claircissante et anti-\u00e2ge, id\u00e9al pour les peaux sensibles.<\/p>\n","protected":false},"featured_media":19186,"comment_status":"closed","ping_status":"closed","template":"","meta":[],"product_cat":[178,32],"product_tag":[],"class_list":{"0":"post-19185","1":"product","2":"type-product","3":"status-publish","4":"has-post-thumbnail","6":"product_cat-serums-de-visage","7":"product_cat-visage","9":"first","10":"outofstock","11":"taxable","12":"shipping-taxable","13":"purchasable","14":"product-type-simple"},"_links":{"self":[{"href":"https:\/\/brumcosmetique.com\/index.php?rest_route=\/wp\/v2\/product\/19185","targetHints":{"allow":["GET"]}}],"collection":[{"href":"https:\/\/brumcosmetique.com\/index.php?rest_route=\/wp\/v2\/product"}],"about":[{"href":"https:\/\/brumcosmetique.com\/index.php?rest_route=\/wp\/v2\/types\/product"}],"replies":[{"embeddable":true,"href":"https:\/\/brumcosmetique.com\/index.php?rest_route=%2Fwp%2Fv2%2Fcomments&post=19185"}],"version-history":[{"count":1,"href":"https:\/\/brumcosmetique.com\/index.php?rest_route=\/wp\/v2\/product\/19185\/revisions"}],"predecessor-version":[{"id":19187,"href":"https:\/\/brumcosmetique.com\/index.php?rest_route=\/wp\/v2\/product\/19185\/revisions\/19187"}],"wp:featuredmedia":[{"embeddable":true,"href":"https:\/\/brumcosmetique.com\/index.php?rest_route=\/wp\/v2\/media\/19186"}],"wp:attachment":[{"href":"https:\/\/brumcosmetique.com\/index.php?rest_route=%2Fwp%2Fv2%2Fmedia&parent=19185"}],"wp:term":[{"taxonomy":"product_cat","embeddable":true,"href":"https:\/\/brumcosmetique.com\/index.php?rest_route=%2Fwp%2Fv2%2Fproduct_cat&post=19185"},{"taxonomy":"product_tag","embeddable":true,"href":"https:\/\/brumcosmetique.com\/index.php?rest_route=%2Fwp%2Fv2%2Fproduct_tag&post=19185"}],"curies":[{"name":"wp","href":"https:\/\/api.w.org\/{rel}","templated":true}]}}