{"id":19246,"date":"2025-10-16T18:56:20","date_gmt":"2025-10-16T16:56:20","guid":{"rendered":"https:\/\/brumcosmetique.com\/?post_type=product&#038;p=19246"},"modified":"2026-03-11T22:17:29","modified_gmt":"2026-03-11T21:17:29","slug":"gel-nettoyant-booster-declat-a-la-vitamine-c-garnier","status":"publish","type":"product","link":"https:\/\/brumcosmetique.com\/?product=gel-nettoyant-booster-declat-a-la-vitamine-c-garnier","title":{"rendered":"Gel Nettoyant Booster d\u2019\u00e9clat \u00e0 la Vitamine C Garnier"},"content":{"rendered":"<p>Le gel nettoyant booster d\u2019\u00e9clat nettoie, hydrate et illumine, pour une peau plus uniforme et plus lumineuse. Il \u00e9limine en douceur le maquillage et les impuret\u00e9s, tout en pr\u00e9servant la barri\u00e8re d\u2019hydratation naturelle de la peau.<\/p>\n<p><strong>LA SCIENCE AU C\u0152UR DE LA FORMULE :<\/strong><br \/>\n[GLYC\u00c9RINE] : humectant d\u2019origine naturelle connu pour hydrater et prot\u00e9ger la barri\u00e8re cutan\u00e9e.<br \/>\nVITAMINE C : ingr\u00e9dient connu pour booster l\u2019\u00e9clat et illuminer le teint.<\/p>\n<p><strong>EFFICACITE PROUV\u00c9E :<\/strong><\/p>\n<p>Apr\u00e8s 1 semaine :<\/p>\n<ul>\n<li>La peau semble hydrat\u00e9e pour 89% des consommateurs.<\/li>\n<li>Les impuret\u00e9s telles que la salet\u00e9 sont \u00e9limin\u00e9es pour 96% des consommateurs.<\/li>\n<\/ul>\n<p>Apr\u00e8s 4 semaines :<\/p>\n<ul>\n<li>La peau para\u00eet plus \u00e9clatante pour 87% des consommateurs.<\/li>\n<li>Le teint semble plus uniforme pour 84% des consommateurs.<\/li>\n<\/ul>\n","protected":false},"excerpt":{"rendered":"<p style=\"font-weight: 400;\">D\u00e9couvrez le gel nettoyant booster d\u2019\u00e9clat enrichi en Glyc\u00e9rine et Vitamine C, qui nettoie, hydrate et illumine la peau.<\/p>\n","protected":false},"featured_media":19242,"comment_status":"closed","ping_status":"closed","template":"","meta":[],"product_cat":[20,122],"product_tag":[],"class_list":{"0":"post-19246","1":"product","2":"type-product","3":"status-publish","4":"has-post-thumbnail","6":"product_cat-corps","7":"product_cat-gels-douche","9":"first","10":"instock","11":"taxable","12":"shipping-taxable","13":"purchasable","14":"product-type-simple"},"_links":{"self":[{"href":"https:\/\/brumcosmetique.com\/index.php?rest_route=\/wp\/v2\/product\/19246","targetHints":{"allow":["GET"]}}],"collection":[{"href":"https:\/\/brumcosmetique.com\/index.php?rest_route=\/wp\/v2\/product"}],"about":[{"href":"https:\/\/brumcosmetique.com\/index.php?rest_route=\/wp\/v2\/types\/product"}],"replies":[{"embeddable":true,"href":"https:\/\/brumcosmetique.com\/index.php?rest_route=%2Fwp%2Fv2%2Fcomments&post=19246"}],"version-history":[{"count":2,"href":"https:\/\/brumcosmetique.com\/index.php?rest_route=\/wp\/v2\/product\/19246\/revisions"}],"predecessor-version":[{"id":19248,"href":"https:\/\/brumcosmetique.com\/index.php?rest_route=\/wp\/v2\/product\/19246\/revisions\/19248"}],"wp:featuredmedia":[{"embeddable":true,"href":"https:\/\/brumcosmetique.com\/index.php?rest_route=\/wp\/v2\/media\/19242"}],"wp:attachment":[{"href":"https:\/\/brumcosmetique.com\/index.php?rest_route=%2Fwp%2Fv2%2Fmedia&parent=19246"}],"wp:term":[{"taxonomy":"product_cat","embeddable":true,"href":"https:\/\/brumcosmetique.com\/index.php?rest_route=%2Fwp%2Fv2%2Fproduct_cat&post=19246"},{"taxonomy":"product_tag","embeddable":true,"href":"https:\/\/brumcosmetique.com\/index.php?rest_route=%2Fwp%2Fv2%2Fproduct_tag&post=19246"}],"curies":[{"name":"wp","href":"https:\/\/api.w.org\/{rel}","templated":true}]}}