{"id":19251,"date":"2025-10-16T19:25:38","date_gmt":"2025-10-16T17:25:38","guid":{"rendered":"https:\/\/brumcosmetique.com\/?post_type=product&#038;p=19251"},"modified":"2025-11-15T03:03:58","modified_gmt":"2025-11-15T02:03:58","slug":"creme-solaire-anthelios-uv-air-spf50-la-roche-posay-40ml","status":"publish","type":"product","link":"https:\/\/brumcosmetique.com\/?product=creme-solaire-anthelios-uv-air-spf50-la-roche-posay-40ml","title":{"rendered":"Cr\u00e8me solaire Anthelios UV AIR SPF50+ La Roche-Posay 40ml"},"content":{"rendered":"<div class=\"collapse pfd__collapse collapse--expanded\">\n<div id=\"collapse618\" class=\"collapse__content\">\n<div class=\"collapse__wrapper\">\n<div class=\"rich-text\">\n<div class=\"collapse pfd__collapse collapse--expanded\">\n<div id=\"collapse618\" class=\"collapse__content\">\n<div class=\"collapse__wrapper\">\n<div class=\"rich-text\">\n<p>Protection solaire quotidienne ultra l\u00e9g\u00e8re\u200b<\/p>\n<\/div>\n<\/div>\n<\/div>\n<\/div>\n<\/div>\n<\/div>\n<\/div>\n<\/div>\n","protected":false},"excerpt":{"rendered":"<ul>\n<li>Haute-protection UV quotidienne, prot\u00e8ge efficacement des dommages caus\u00e9s par les UVB &amp; UVA. Texture ultra l\u00e9g\u00e8re au fini invisible gr\u00e2ce \u00e0 la technologie UVAir. Formule enrichie en acide hyaluronique &amp; en Niacinamide pour 24h d\u2019hydratation. Effet matifiant 12h, anti-oxydant 16h &amp; anti-pollution. Id\u00e9ale comme base de maquillage.\u200b\n<p>\u200b<b>Technologie UVAir :<\/b>\u00a0Protection UV quotidienne con\u00e7ue pour \u00eatre aussi l\u00e9g\u00e8re que l&rsquo;air. \u200b<\/p>\n<p>\u200bFiltres UV bas poids pour une tr\u00e8s haute protection UVB &amp; UVA Formule enrichie en acide hyaluronique &amp; en Niacinamide pour 24h d\u2019hydratation<\/p>\n<p>\u200b<\/p>\n<ul>\n<li>Haute protection UVB\/UVA<\/li>\n<li>Hydratation 24h \u200b<\/li>\n<li>Effet Matifiant 12h\u200b<\/li>\n<li>Anti-Oxydant 16h \u200b<\/li>\n<li>Anti-pollution\u200b<\/li>\n<\/ul>\n<p><b>Probl\u00e8mes cibl\u00e9s\u00a0:<\/b><\/p>\n<ul>\n<li>Hydrate\u200b<\/li>\n<li>Prot\u00e8ge\u200b\u200b<\/li>\n<\/ul>\n<p>\u200b<br \/>\n<b>Type de peau :<\/b><\/p>\n<ul>\n<li>Tous types de peaux<\/li>\n<\/ul>\n<\/li>\n<\/ul>\n","protected":false},"featured_media":19237,"comment_status":"open","ping_status":"closed","template":"","meta":[],"product_cat":[115,53],"product_tag":[],"class_list":{"0":"post-19251","1":"product","2":"type-product","3":"status-publish","4":"has-post-thumbnail","6":"product_cat-creme-solaire","7":"product_cat-solaire","9":"first","10":"instock","11":"taxable","12":"shipping-taxable","13":"purchasable","14":"product-type-simple"},"_links":{"self":[{"href":"https:\/\/brumcosmetique.com\/index.php?rest_route=\/wp\/v2\/product\/19251","targetHints":{"allow":["GET"]}}],"collection":[{"href":"https:\/\/brumcosmetique.com\/index.php?rest_route=\/wp\/v2\/product"}],"about":[{"href":"https:\/\/brumcosmetique.com\/index.php?rest_route=\/wp\/v2\/types\/product"}],"replies":[{"embeddable":true,"href":"https:\/\/brumcosmetique.com\/index.php?rest_route=%2Fwp%2Fv2%2Fcomments&post=19251"}],"version-history":[{"count":2,"href":"https:\/\/brumcosmetique.com\/index.php?rest_route=\/wp\/v2\/product\/19251\/revisions"}],"predecessor-version":[{"id":19253,"href":"https:\/\/brumcosmetique.com\/index.php?rest_route=\/wp\/v2\/product\/19251\/revisions\/19253"}],"wp:featuredmedia":[{"embeddable":true,"href":"https:\/\/brumcosmetique.com\/index.php?rest_route=\/wp\/v2\/media\/19237"}],"wp:attachment":[{"href":"https:\/\/brumcosmetique.com\/index.php?rest_route=%2Fwp%2Fv2%2Fmedia&parent=19251"}],"wp:term":[{"taxonomy":"product_cat","embeddable":true,"href":"https:\/\/brumcosmetique.com\/index.php?rest_route=%2Fwp%2Fv2%2Fproduct_cat&post=19251"},{"taxonomy":"product_tag","embeddable":true,"href":"https:\/\/brumcosmetique.com\/index.php?rest_route=%2Fwp%2Fv2%2Fproduct_tag&post=19251"}],"curies":[{"name":"wp","href":"https:\/\/api.w.org\/{rel}","templated":true}]}}