{"id":19254,"date":"2025-10-16T19:34:43","date_gmt":"2025-10-16T17:34:43","guid":{"rendered":"https:\/\/brumcosmetique.com\/?post_type=product&#038;p=19254"},"modified":"2025-12-10T19:55:02","modified_gmt":"2025-12-10T18:55:02","slug":"creme-eclaircissante-taches-nuhanciam-50ml","status":"publish","type":"product","link":"https:\/\/brumcosmetique.com\/?product=creme-eclaircissante-taches-nuhanciam-50ml","title":{"rendered":"Cr\u00e8me Eclaircissante Taches Nuhanciam 50ml"},"content":{"rendered":"<p data-start=\"94\" data-end=\"779\">La Cr\u00e8me \u00c9claircissante Taches pour le visage et le cou agit sur tous les types de taches pigmentaires brunes (irritation, soleil, vieillissement). Sp\u00e9cialement con\u00e7ue pour r\u00e9pondre aux besoins des peaux noires \u00e0 mates, elle est tout autant adapt\u00e9e aux peaux plus claires. Les meilleurs ingr\u00e9dients ont \u00e9t\u00e9 s\u00e9lectionn\u00e9s pour leur capacit\u00e9 \u00e0 cibler et traiter l&rsquo;hyperpigmentation tout en respectant l&rsquo;\u00e9quilibre naturel de la peau. Formul\u00e9e \u00e0 partir d&rsquo;actifs d\u2019origine naturelle, cette cr\u00e8me anti-taches offre une action \u00e9claircissante douce et prolong\u00e9e et se distingue par sa formulation innovante, alliant science et naturalit\u00e9.<\/p>\n","protected":false},"excerpt":{"rendered":"<p>La Cr\u00e8me \u00c9claircissante Taches s&rsquo;applique matin et soir sur l&rsquo;ensemble du visage et du cou parfaitement nettoy\u00e9s. Sa texture fine et mate en fait un soin agr\u00e9able \u00e0 utiliser au quotidien, laissant la peau douce, hydrat\u00e9e et lumineuse. Ce soin est parfaitement adapt\u00e9 \u00e0 chaque nuance de peau, garantissant un teint uniforme et \u00e9clatant.<\/p>\n<p>Elle peut s&rsquo;utiliser en cure de traitement intense associ\u00e9e \u00e0 notre S\u00e9rum Anti-Taches Puissance 4 ou seule en traitement d\u2019entretien.<\/p>\n","protected":false},"featured_media":19236,"comment_status":"closed","ping_status":"closed","template":"","meta":[],"product_cat":[143,32],"product_tag":[],"class_list":{"0":"post-19254","1":"product","2":"type-product","3":"status-publish","4":"has-post-thumbnail","6":"product_cat-cremes-de-visage","7":"product_cat-visage","9":"first","10":"instock","11":"taxable","12":"shipping-taxable","13":"purchasable","14":"product-type-simple"},"_links":{"self":[{"href":"https:\/\/brumcosmetique.com\/index.php?rest_route=\/wp\/v2\/product\/19254","targetHints":{"allow":["GET"]}}],"collection":[{"href":"https:\/\/brumcosmetique.com\/index.php?rest_route=\/wp\/v2\/product"}],"about":[{"href":"https:\/\/brumcosmetique.com\/index.php?rest_route=\/wp\/v2\/types\/product"}],"replies":[{"embeddable":true,"href":"https:\/\/brumcosmetique.com\/index.php?rest_route=%2Fwp%2Fv2%2Fcomments&post=19254"}],"version-history":[{"count":1,"href":"https:\/\/brumcosmetique.com\/index.php?rest_route=\/wp\/v2\/product\/19254\/revisions"}],"predecessor-version":[{"id":19255,"href":"https:\/\/brumcosmetique.com\/index.php?rest_route=\/wp\/v2\/product\/19254\/revisions\/19255"}],"wp:featuredmedia":[{"embeddable":true,"href":"https:\/\/brumcosmetique.com\/index.php?rest_route=\/wp\/v2\/media\/19236"}],"wp:attachment":[{"href":"https:\/\/brumcosmetique.com\/index.php?rest_route=%2Fwp%2Fv2%2Fmedia&parent=19254"}],"wp:term":[{"taxonomy":"product_cat","embeddable":true,"href":"https:\/\/brumcosmetique.com\/index.php?rest_route=%2Fwp%2Fv2%2Fproduct_cat&post=19254"},{"taxonomy":"product_tag","embeddable":true,"href":"https:\/\/brumcosmetique.com\/index.php?rest_route=%2Fwp%2Fv2%2Fproduct_tag&post=19254"}],"curies":[{"name":"wp","href":"https:\/\/api.w.org\/{rel}","templated":true}]}}