{"id":19341,"date":"2026-01-06T19:38:49","date_gmt":"2026-01-06T18:38:49","guid":{"rendered":"https:\/\/brumcosmetique.com\/?post_type=product&#038;p=19341"},"modified":"2026-01-06T19:38:49","modified_gmt":"2026-01-06T18:38:49","slug":"calme-curcurma","status":"publish","type":"product","link":"https:\/\/brumcosmetique.com\/?product=calme-curcurma","title":{"rendered":"Calme Curcurma"},"content":{"rendered":"<h2 data-start=\"539\" data-end=\"563\">Description<\/h2>\n<p data-start=\"565\" data-end=\"832\"><strong data-start=\"565\" data-end=\"623\">Neutrogena Calme Curcuma \u2013 Mousse Nettoyante Apaisante<\/strong> est sp\u00e9cialement formul\u00e9e pour les peaux sensibles, r\u00e9actives ou sujettes aux imperfections. Gr\u00e2ce \u00e0 une formule douce et efficace, elle nettoie la peau en profondeur tout en respectant son \u00e9quilibre naturel.<\/p>\n<p data-start=\"834\" data-end=\"1092\">Enrichie en <strong data-start=\"846\" data-end=\"857\">curcuma<\/strong>, un ingr\u00e9dient d\u2019origine naturelle reconnu pour ses <strong data-start=\"910\" data-end=\"958\">propri\u00e9t\u00e9s apaisantes et anti-inflammatoires<\/strong>, cette mousse aide \u00e0 calmer les irritations, r\u00e9duire les rougeurs et soulager les sensations d\u2019inconfort d\u00e8s la premi\u00e8re utilisation.<\/p>\n<p data-start=\"1094\" data-end=\"1348\">Sa <strong data-start=\"1097\" data-end=\"1124\">texture mousse a\u00e9rienne<\/strong> \u00e9limine efficacement les impuret\u00e9s, l\u2019exc\u00e8s de s\u00e9bum et les r\u00e9sidus de maquillage sans agresser la peau. Apr\u00e8s utilisation, la peau est <strong data-start=\"1261\" data-end=\"1315\">propre, fra\u00eeche, apais\u00e9e et visiblement plus saine<\/strong>, sans sensation de tiraillement.<\/p>\n<p data-start=\"1350\" data-end=\"1531\">\u2714 Convient aux peaux sensibles<br data-start=\"1380\" data-end=\"1383\" \/>\u2714 Aide \u00e0 apaiser et calmer la peau<br data-start=\"1417\" data-end=\"1420\" \/>\u2714 Nettoyage doux et efficace<br data-start=\"1448\" data-end=\"1451\" \/>\u2714 Usage quotidien \u2013 matin et soir<br data-start=\"1484\" data-end=\"1487\" \/>\u2714 Test\u00e9e dermatologiquement<br data-start=\"1514\" data-end=\"1517\" \/>\u2714 Sans savon<\/p>\n<p data-start=\"1533\" data-end=\"1804\"><strong data-start=\"1533\" data-end=\"1561\">Conseils d\u2019utilisation :<\/strong><br data-start=\"1561\" data-end=\"1564\" \/>Appliquer une noisette de mousse sur le visage humide, masser d\u00e9licatement en mouvements circulaires, puis rincer abondamment \u00e0 l\u2019eau ti\u00e8de. Pour de meilleurs r\u00e9sultats, utiliser en compl\u00e9ment des soins de la gamme Neutrogena Calme Curcuma.<\/p>\n","protected":false},"excerpt":{"rendered":"<h2 data-start=\"178\" data-end=\"202\">Description<\/h2>\n<p data-start=\"204\" data-end=\"532\"><strong data-start=\"204\" data-end=\"262\">Neutrogena Calme Curcuma \u2013 Mousse Nettoyante Apaisante<\/strong><br data-start=\"262\" data-end=\"265\" \/>Nettoie en douceur, apaise imm\u00e9diatement et aide \u00e0 r\u00e9duire les rougeurs visibles. Enrichie au curcuma reconnu pour ses propri\u00e9t\u00e9s calmantes, cette mousse l\u00e9g\u00e8re respecte les peaux sensibles et sujettes aux imperfections. Id\u00e9ale pour un usage quotidien, matin et soir.<\/p>\n","protected":false},"featured_media":19342,"comment_status":"closed","ping_status":"closed","template":"","meta":[],"product_cat":[20],"product_tag":[],"class_list":{"0":"post-19341","1":"product","2":"type-product","3":"status-publish","4":"has-post-thumbnail","6":"product_cat-corps","8":"first","9":"instock","10":"sale","11":"taxable","12":"shipping-taxable","13":"purchasable","14":"product-type-simple"},"_links":{"self":[{"href":"https:\/\/brumcosmetique.com\/index.php?rest_route=\/wp\/v2\/product\/19341","targetHints":{"allow":["GET"]}}],"collection":[{"href":"https:\/\/brumcosmetique.com\/index.php?rest_route=\/wp\/v2\/product"}],"about":[{"href":"https:\/\/brumcosmetique.com\/index.php?rest_route=\/wp\/v2\/types\/product"}],"replies":[{"embeddable":true,"href":"https:\/\/brumcosmetique.com\/index.php?rest_route=%2Fwp%2Fv2%2Fcomments&post=19341"}],"version-history":[{"count":2,"href":"https:\/\/brumcosmetique.com\/index.php?rest_route=\/wp\/v2\/product\/19341\/revisions"}],"predecessor-version":[{"id":19344,"href":"https:\/\/brumcosmetique.com\/index.php?rest_route=\/wp\/v2\/product\/19341\/revisions\/19344"}],"wp:featuredmedia":[{"embeddable":true,"href":"https:\/\/brumcosmetique.com\/index.php?rest_route=\/wp\/v2\/media\/19342"}],"wp:attachment":[{"href":"https:\/\/brumcosmetique.com\/index.php?rest_route=%2Fwp%2Fv2%2Fmedia&parent=19341"}],"wp:term":[{"taxonomy":"product_cat","embeddable":true,"href":"https:\/\/brumcosmetique.com\/index.php?rest_route=%2Fwp%2Fv2%2Fproduct_cat&post=19341"},{"taxonomy":"product_tag","embeddable":true,"href":"https:\/\/brumcosmetique.com\/index.php?rest_route=%2Fwp%2Fv2%2Fproduct_tag&post=19341"}],"curies":[{"name":"wp","href":"https:\/\/api.w.org\/{rel}","templated":true}]}}